{"id":19867,"date":"2024-09-16T16:07:03","date_gmt":"2024-09-16T14:07:03","guid":{"rendered":"https:\/\/handibat.fr\/?page_id=19867"},"modified":"2024-10-08T12:48:13","modified_gmt":"2024-10-08T10:48:13","slug":"installer-une-rampe-pmr","status":"publish","type":"page","link":"https:\/\/handibat.fr\/index.php\/installer-une-rampe-pmr\/","title":{"rendered":"Installer une rampe PMR"},"content":{"rendered":"\t\t<div data-elementor-type=\"wp-page\" data-elementor-id=\"19867\" class=\"elementor elementor-19867\">\n\t\t\t\t<div class=\"elementor-element elementor-element-6ff34c8 e-flex e-con-boxed wpr-particle-no wpr-jarallax-no wpr-parallax-no wpr-sticky-section-no e-con e-parent\" data-id=\"6ff34c8\" data-element_type=\"container\" data-settings=\"{&quot;background_background&quot;:&quot;classic&quot;}\">\n\t\t\t\t\t<div class=\"e-con-inner\">\n\t\t\t\t<div class=\"elementor-element elementor-element-27f475e elementor-widget elementor-widget-heading\" data-id=\"27f475e\" data-element_type=\"widget\" data-widget_type=\"heading.default\">\n\t\t\t\t<div class=\"elementor-widget-container\">\n\t\t\t<h1 class=\"elementor-heading-title elementor-size-default\">Installer une rampe PMR<\/h1>\t\t<\/div>\n\t\t\t\t<\/div>\n\t\t\t\t\t<\/div>\n\t\t\t\t<\/div>\n\t\t<div class=\"elementor-element elementor-element-8cae744 e-con-full e-flex wpr-particle-no wpr-jarallax-no wpr-parallax-no wpr-sticky-section-no e-con e-parent\" data-id=\"8cae744\" data-element_type=\"container\">\n\t\t\t\t<div class=\"elementor-element elementor-element-d4c601e elementor-widget-laptop__width-initial elementor-widget elementor-widget-text-editor\" data-id=\"d4c601e\" data-element_type=\"widget\" data-widget_type=\"text-editor.default\">\n\t\t\t\t<div class=\"elementor-widget-container\">\n\t\t\t\t\t\t\t<p><strong>Une rampe PMR est une pente d\u2019acc\u00e8s qui permet aux personnes \u00e0 mobilit\u00e9 r\u00e9duite d\u2019entrer dans un b\u00e2timent. Dans cet article, d\u00e9couvrez les r\u00e8gles l\u00e9gales et techniques qui r\u00e9gissent l\u2019installation d\u2019une rampe pour handicap\u00e9.<\/strong><\/p>\t\t\t\t\t\t<\/div>\n\t\t\t\t<\/div>\n\t\t\t\t<div class=\"elementor-element elementor-element-34247be elementor-widget-laptop__width-initial elementor-widget elementor-widget-text-editor\" data-id=\"34247be\" data-element_type=\"widget\" data-widget_type=\"text-editor.default\">\n\t\t\t\t<div class=\"elementor-widget-container\">\n\t\t\t\t\t\t\t<p><strong>Toutes les personnes qui souhaitent construire selon les <a href=\"https:\/\/handibat.fr\/index.php\/normes-pmr\/\">normes d\u2019accessibilit\u00e9 PMR<\/a> sont potentiellement amen\u00e9es \u00e0 poser une rampe PMR. Cela peut \u00eatre le cas suite \u00e0 un accident dans votre habitation priv\u00e9e mais plus souvent, ce type de r\u00e9novation doit \u00eatre envisag\u00e9 si vous poss\u00e9dez un \u00c9tablissement Recevant du Public, comme un commerce. Ou bien si vous souhaitez vous mettre en r\u00e8gles dans le cadre de la <a href=\"#\">r\u00e9novation de votre maison<\/a>.<\/strong><\/p>\t\t\t\t\t\t<\/div>\n\t\t\t\t<\/div>\n\t\t\t\t<\/div>\n\t\t<div class=\"elementor-element elementor-element-9287dc9 e-con-full e-flex wpr-particle-no wpr-jarallax-no wpr-parallax-no wpr-sticky-section-no e-con e-parent\" data-id=\"9287dc9\" data-element_type=\"container\">\n\t\t\t\t<div class=\"elementor-element elementor-element-2cbc6bc elementor-widget elementor-widget-heading\" data-id=\"2cbc6bc\" data-element_type=\"widget\" data-widget_type=\"heading.default\">\n\t\t\t\t<div class=\"elementor-widget-container\">\n\t\t\t<h4 class=\"elementor-heading-title elementor-size-default\">Sommaire<\/h4>\t\t<\/div>\n\t\t\t\t<\/div>\n\t\t\t\t<div class=\"elementor-element elementor-element-5be0095 elementor-icon-list--layout-traditional elementor-list-item-link-full_width elementor-widget elementor-widget-icon-list\" data-id=\"5be0095\" data-element_type=\"widget\" data-widget_type=\"icon-list.default\">\n\t\t\t\t<div class=\"elementor-widget-container\">\n\t\t\t\t\t<ul class=\"elementor-icon-list-items\">\n\t\t\t\t\t\t\t<li class=\"elementor-icon-list-item\">\n\t\t\t\t\t\t\t\t\t\t\t<a href=\"#pmr1\">\n\n\t\t\t\t\t\t\t\t\t\t\t<span class=\"elementor-icon-list-text\">Rampe pour handicap\u00e9 : la r\u00e9glementation<\/span>\n\t\t\t\t\t\t\t\t\t\t\t<\/a>\n\t\t\t\t\t\t\t\t\t<\/li>\n\t\t\t\t\t\t\t\t<li class=\"elementor-icon-list-item\">\n\t\t\t\t\t\t\t\t\t\t\t<a href=\"#pmr2\">\n\n\t\t\t\t\t\t\t\t\t\t\t<span class=\"elementor-icon-list-text\">Comment calculer la pente d\u2019une rampe PMR ?<\/span>\n\t\t\t\t\t\t\t\t\t\t\t<\/a>\n\t\t\t\t\t\t\t\t\t<\/li>\n\t\t\t\t\t\t\t\t<li class=\"elementor-icon-list-item\">\n\t\t\t\t\t\t\t\t\t\t\t<a href=\"#pmr3\">\n\n\t\t\t\t\t\t\t\t\t\t\t<span class=\"elementor-icon-list-text\">Poser une rampe soi-m\u00eame ?<\/span>\n\t\t\t\t\t\t\t\t\t\t\t<\/a>\n\t\t\t\t\t\t\t\t\t<\/li>\n\t\t\t\t\t\t<\/ul>\n\t\t\t\t<\/div>\n\t\t\t\t<\/div>\n\t\t\t\t<\/div>\n\t\t<div class=\"elementor-element elementor-element-9002a3f e-flex e-con-boxed wpr-particle-no wpr-jarallax-no wpr-parallax-no wpr-sticky-section-no e-con e-parent\" data-id=\"9002a3f\" data-element_type=\"container\" id=\"pmr1\">\n\t\t\t\t\t<div class=\"e-con-inner\">\n\t\t\t\t<div class=\"elementor-element elementor-element-79d4896 elementor-widget elementor-widget-heading\" data-id=\"79d4896\" data-element_type=\"widget\" data-widget_type=\"heading.default\">\n\t\t\t\t<div class=\"elementor-widget-container\">\n\t\t\t<h2 class=\"elementor-heading-title elementor-size-default\">Rampe pour handicap\u00e9 : la r\u00e9glementation<\/h2>\t\t<\/div>\n\t\t\t\t<\/div>\n\t\t\t\t<div class=\"elementor-element elementor-element-9f2aa26 elementor-widget elementor-widget-text-editor\" data-id=\"9f2aa26\" data-element_type=\"widget\" data-widget_type=\"text-editor.default\">\n\t\t\t\t<div class=\"elementor-widget-container\">\n\t\t\t\t\t\t\t<div><div><div class=\"one-column OneColumn-sc-bx1yn1-0 cGQbNY \"><p>Si une ou plusieurs marches ou un ressaut sup\u00e9rieur \u00e0 2 cm bloquent l\u2019acc\u00e8s \u00e0 l\u2019entr\u00e9e du b\u00e2timent, vous devez installer une rampe pour handicap\u00e9 fixe. \u00c0 l\u2019inverse d\u2019une rampe amovible, elle permet un acc\u00e8s en toute autonomie, sans restriction.<\/p><p>Pour \u00e9viter un effort trop important, la loi impose \u00e0 la rampe PMR un <strong>d\u00e9nivel\u00e9, calcul\u00e9 selon la hauteur de la marche \u00e0 franchir<\/strong>.<\/p><ul><li>une pente de 5% pour tout acc\u00e8s<\/li><li>8% pour 2 m\u00e8tres de longueur maximum<\/li><li>10% pour moins de 50 cm longueur maximum<\/li><\/ul><p>De m\u00eame, on recommande de laisser libre une zone de 1,50 m\u00e8tre de <strong>diam\u00e8tre au bas de la rampe<\/strong>, afin que la personne en fauteuil roulant puisse man\u0153uvrer plus facilement. Aussi, le <strong>palier<\/strong> doit mesurer 140 cm sur 90 cm pour qu\u2019elle puisse se retourner sans g\u00eane. Si vous ne disposez pas de suffisamment de place pour installer ce type d\u2019infrastructure, un <a href=\"#\">\u00e9l\u00e9vateur PMR<\/a> repr\u00e9sente une bonne alternative.<\/p><\/div><\/div><\/div>\t\t\t\t\t\t<\/div>\n\t\t\t\t<\/div>\n\t\t\t\t\t<\/div>\n\t\t\t\t<\/div>\n\t\t<div class=\"elementor-element elementor-element-6604fc4 e-flex e-con-boxed wpr-particle-no wpr-jarallax-no wpr-parallax-no wpr-sticky-section-no e-con e-parent\" data-id=\"6604fc4\" data-element_type=\"container\" id=\"pmr2\">\n\t\t\t\t\t<div class=\"e-con-inner\">\n\t\t\t\t<div class=\"elementor-element elementor-element-55c3229 elementor-widget elementor-widget-heading\" data-id=\"55c3229\" data-element_type=\"widget\" data-widget_type=\"heading.default\">\n\t\t\t\t<div class=\"elementor-widget-container\">\n\t\t\t<h2 class=\"elementor-heading-title elementor-size-default\">Comment calculer la pente d\u2019une rampe PMR ?<\/h2>\t\t<\/div>\n\t\t\t\t<\/div>\n\t\t\t\t<div class=\"elementor-element elementor-element-9347df7 elementor-widget elementor-widget-text-editor\" data-id=\"9347df7\" data-element_type=\"widget\" data-widget_type=\"text-editor.default\">\n\t\t\t\t<div class=\"elementor-widget-container\">\n\t\t\t\t\t\t\t<div><div><div class=\"one-column OneColumn-sc-bx1yn1-0 cGQbNY \"><div><div><div class=\"one-column OneColumn-sc-bx1yn1-0 cGQbNY \"><p>Un calcul tr\u00e8s simple permet d\u2019\u00e9valuer la longueur et la pente d\u2019une rampe pour handicap\u00e9, en fonction des normes ci-dessus.<\/p><p>\u00e0 Longueur de rampe n\u00e9cessaire = Hauteur \u00e0 franchir \/ pourcentage de pente r\u00e9glementaire<\/p><p>Par exemple, un obstacle de 10 cm n\u00e9cessite d\u2019une rampe de 1 m\u00e8tre. Une marche de 15 cm demande une rampe PMR de 1,5 m\u00e8tre. Une autre r\u00e8gle \u00e0 retenir est que la longueur de la rampe d\u2019acc\u00e8s mesure <strong>7x la hauteur du perron<\/strong>.<\/p><p>Une rampe PMR doit pouvoir supporter au <strong>moins 300 kg<\/strong>. Elle doit pr\u00e9senter un rev\u00eatement anti glisse. Autre caract\u00e9ristique, ce rev\u00eatement doit contraster avec le sol. Une rampe pour handicap\u00e9 noire sur un trottoir fonc\u00e9 n\u2019est pas r\u00e9glementaire car les personnes malvoyantes en fauteuil risquent de ne pas en saisir les contours. L\u2019\u00e9quipement ne peut donc pas \u00eatre transparent, il doit \u00eatre <strong>color\u00e9 ou opaque<\/strong>.<\/p><p>Bref, une rampe pour handicap\u00e9 doit garantir la s\u00e9curit\u00e9 des utilisateurs. Elle doit \u00eatre fix\u00e9e au sol avec stabilit\u00e9. Elle doit aussi \u00eatre \u00e9quip\u00e9e de trous inf\u00e9rieurs \u00e0 2 cm de diam\u00e8tre pour l\u2019\u00e9vacuation des eaux de pluie et de bordures chasse-roues.<\/p><\/div><\/div><\/div><\/div><\/div><\/div>\t\t\t\t\t\t<\/div>\n\t\t\t\t<\/div>\n\t\t\t\t\t<\/div>\n\t\t\t\t<\/div>\n\t\t<div class=\"elementor-element elementor-element-abfb579 e-flex e-con-boxed wpr-particle-no wpr-jarallax-no wpr-parallax-no wpr-sticky-section-no e-con e-parent\" data-id=\"abfb579\" data-element_type=\"container\" id=\"pmr3\">\n\t\t\t\t\t<div class=\"e-con-inner\">\n\t\t\t\t<div class=\"elementor-element elementor-element-6af2d0a elementor-widget elementor-widget-heading\" data-id=\"6af2d0a\" data-element_type=\"widget\" data-widget_type=\"heading.default\">\n\t\t\t\t<div class=\"elementor-widget-container\">\n\t\t\t<h2 class=\"elementor-heading-title elementor-size-default\">Poser une rampe soi-m\u00eame ?<\/h2>\t\t<\/div>\n\t\t\t\t<\/div>\n\t\t\t\t<div class=\"elementor-element elementor-element-a7fb236 elementor-widget elementor-widget-text-editor\" data-id=\"a7fb236\" data-element_type=\"widget\" data-widget_type=\"text-editor.default\">\n\t\t\t\t<div class=\"elementor-widget-container\">\n\t\t\t\t\t\t\t<div class=\"one-column OneColumn-sc-bx1yn1-0 cGQbNY \"><div><div><div class=\"one-column OneColumn-sc-bx1yn1-0 cGQbNY \"><p>De nombreuses entreprises sp\u00e9cialis\u00e9es proposent des solutions sur mesure, adapt\u00e9es aux besoins de chacun. N\u00e9anmoins, il existe aussi des kits pr\u00eats \u00e0 l\u2019emploi qui laissent aux bricoleurs le loisir d\u2019installer eux-m\u00eames une rampe PMR. Attention, si vous d\u00e9cidez de monter une rampe pour handicap\u00e9 vous-m\u00eame, vous devenez l\u00e9galement responsable. Si quelqu\u2019un venait \u00e0 se blesser, on v\u00e9rifiera que l\u2019installation r\u00e9pond \u00e0 toutes les exigences l\u00e9gales.<\/p><p>Avant de poser ce genre de syst\u00e8me sur la voie publique, il convient de demander une <strong>autorisation pr\u00e9alable \u00e0 la Mairie<\/strong>. Ce permis ne sera d\u00e9livr\u00e9 que si vous pouvez garantir qu\u2019il restera <strong>1,20 m\u00e8tre libre<\/strong> apr\u00e8s la pose. Si ce n\u2019est pas le cas, vous devrez alors opter pour une <strong>rampe amovible<\/strong>. Pensez alors \u00e0 compl\u00e9ter cette solution, d\u2019un syst\u00e8me d\u2019alarme sonore, comme une sonnette pour pr\u00e9venir les personnes \u00e0 l\u2019int\u00e9rieur du b\u00e2timent de venir installer la rampe en cas de besoin.<\/p><p>Une fois la forme et l\u2019agencement d\u00e9finis, vous pouvez passer commande aupr\u00e8s d\u2019un vendeur sp\u00e9cialis\u00e9. N\u2019oubliez pas d\u2019inclure une <strong>main courante<\/strong>, d\u2019une largeur de 3 \u00e0 4 cm. Assurez-vous de travailler uniquement avec du <strong>bois trait\u00e9<\/strong>, plus solide et plus r\u00e9sistant aux intemp\u00e9ries. N\u2019oubliez pas de creuser les <strong>fondations<\/strong> n\u00e9cessaires pour planter les piliers qui stabilisent l\u2019ensemble de la structure. Lorsque le tout est mont\u00e9, il ne reste plus qu\u2019\u00e0 enduire le bois d\u2019une <strong>surface antid\u00e9rapante et color\u00e9e<\/strong>. Il existe des bandes de ruban adh\u00e9sif, tr\u00e8s faciles \u00e0 l\u2019emploi. Vous pouvez aussi choisir l\u2019option b\u00e9ton bross\u00e9, qui cr\u00e9e une surface rugueuse.<\/p><div class=\"c-footer\">Prenez contact avec Handibain pour tout savoir sur l\u2019am\u00e9nagement d\u2019une rampe PMR dans votre logement ou votre local commercial.<\/div><\/div><\/div><\/div><\/div>\t\t\t\t\t\t<\/div>\n\t\t\t\t<\/div>\n\t\t\t\t\t<\/div>\n\t\t\t\t<\/div>\n\t\t<div class=\"elementor-element elementor-element-b190c53 e-flex e-con-boxed wpr-particle-no wpr-jarallax-no wpr-parallax-no wpr-sticky-section-no e-con e-parent\" data-id=\"b190c53\" data-element_type=\"container\" data-settings=\"{&quot;background_background&quot;:&quot;classic&quot;}\">\n\t\t\t\t\t<div class=\"e-con-inner\">\n\t\t\t\t<div class=\"elementor-element elementor-element-48e2e33 elementor-widget elementor-widget-heading\" data-id=\"48e2e33\" data-element_type=\"widget\" data-widget_type=\"heading.default\">\n\t\t\t\t<div class=\"elementor-widget-container\">\n\t\t\t<h4 class=\"elementor-heading-title elementor-size-default\">Dans la m\u00eame cat\u00e9gorie<\/h4>\t\t<\/div>\n\t\t\t\t<\/div>\n\t\t<div class=\"elementor-element elementor-element-0e6a75b e-grid e-con-full wpr-particle-no wpr-jarallax-no wpr-parallax-no wpr-sticky-section-no e-con e-child\" data-id=\"0e6a75b\" data-element_type=\"container\">\n\t\t<a class=\"elementor-element elementor-element-f0886ed e-con-full e-flex wpr-particle-no wpr-jarallax-no wpr-parallax-no wpr-sticky-section-no e-con e-child\" data-id=\"f0886ed\" data-element_type=\"container\" data-settings=\"{&quot;background_background&quot;:&quot;classic&quot;}\" href=\"https:\/\/handibat.fr\/index.php\/largeur-de-porte-pmr-et-couloir-pour-handicape\/\">\n\t\t\t\t<div class=\"elementor-element elementor-element-0134aee elementor-widget elementor-widget-heading\" data-id=\"0134aee\" data-element_type=\"widget\" data-widget_type=\"heading.default\">\n\t\t\t\t<div class=\"elementor-widget-container\">\n\t\t\t<h5 class=\"elementor-heading-title elementor-size-default\">Normes de largeur de porte PMR et couloir pour handicap\u00e9<\/h5>\t\t<\/div>\n\t\t\t\t<\/div>\n\t\t\t\t<div class=\"elementor-element elementor-element-e93ee8f elementor-widget elementor-widget-image\" data-id=\"e93ee8f\" data-element_type=\"widget\" data-widget_type=\"image.default\">\n\t\t\t\t<div class=\"elementor-widget-container\">\n\t\t\t\t\t\t\t\t\t\t\t\t\t<img decoding=\"async\" width=\"150\" height=\"150\" src=\"https:\/\/handibat.fr\/wp-content\/uploads\/2024\/09\/1571645397-femme-en-chaise-roulante-150x150.png\" class=\"attachment-thumbnail size-thumbnail wp-image-16672\" alt=\"\" \/>\t\t\t\t\t\t\t\t\t\t\t\t\t<\/div>\n\t\t\t\t<\/div>\n\t\t\t\t<\/a>\n\t\t<a class=\"elementor-element elementor-element-9b14264 e-con-full e-flex wpr-particle-no wpr-jarallax-no wpr-parallax-no wpr-sticky-section-no e-con e-child\" data-id=\"9b14264\" data-element_type=\"container\" data-settings=\"{&quot;background_background&quot;:&quot;classic&quot;}\" href=\"https:\/\/handibat.fr\/index.php\/les-5-regles-dun-elevateur-pmr\/\">\n\t\t\t\t<div class=\"elementor-element elementor-element-08b18c1 elementor-widget elementor-widget-heading\" data-id=\"08b18c1\" data-element_type=\"widget\" data-widget_type=\"heading.default\">\n\t\t\t\t<div class=\"elementor-widget-container\">\n\t\t\t<h5 class=\"elementor-heading-title elementor-size-default\">Les 5 r\u00e8gles d\u2019un \u00e9l\u00e9vateur PMR<\/h5>\t\t<\/div>\n\t\t\t\t<\/div>\n\t\t\t\t<\/a>\n\t\t<a class=\"elementor-element elementor-element-dbcdf00 e-con-full e-flex wpr-particle-no wpr-jarallax-no wpr-parallax-no wpr-sticky-section-no e-con e-child\" data-id=\"dbcdf00\" data-element_type=\"container\" data-settings=\"{&quot;background_background&quot;:&quot;classic&quot;}\" href=\"https:\/\/handibat.fr\/index.php\/normes-pmr\/\">\n\t\t\t\t<div class=\"elementor-element elementor-element-53f2647 elementor-widget elementor-widget-heading\" data-id=\"53f2647\" data-element_type=\"widget\" data-widget_type=\"heading.default\">\n\t\t\t\t<div class=\"elementor-widget-container\">\n\t\t\t<h5 class=\"elementor-heading-title elementor-size-default\">Normes PMR : toutes les informations \u00e0 conna\u00eetre<\/h5>\t\t<\/div>\n\t\t\t\t<\/div>\n\t\t\t\t<\/a>\n\t\t<a class=\"elementor-element elementor-element-8b48986 e-con-full e-flex wpr-particle-no wpr-jarallax-no wpr-parallax-no wpr-sticky-section-no e-con e-child\" data-id=\"8b48986\" data-element_type=\"container\" data-settings=\"{&quot;background_background&quot;:&quot;classic&quot;}\" href=\"https:\/\/handibat.fr\/index.php\/un-diagnostic-accessibilite-pmr\/\">\n\t\t\t\t<div class=\"elementor-element elementor-element-399bde2 elementor-widget elementor-widget-heading\" data-id=\"399bde2\" data-element_type=\"widget\" data-widget_type=\"heading.default\">\n\t\t\t\t<div class=\"elementor-widget-container\">\n\t\t\t<h5 class=\"elementor-heading-title elementor-size-default\">Un diagnostic accessibilit\u00e9 PMR<\/h5>\t\t<\/div>\n\t\t\t\t<\/div>\n\t\t\t\t<\/a>\n\t\t\t\t<\/div>\n\t\t\t\t\t<\/div>\n\t\t\t\t<\/div>\n\t\t\t\t<\/div>\n\t\t","protected":false},"excerpt":{"rendered":"<p>Installer une rampe PMR Une rampe PMR est une pente d\u2019acc\u00e8s qui permet aux personnes \u00e0 mobilit\u00e9 r\u00e9duite d\u2019entrer dans un b\u00e2timent. Dans cet article, d\u00e9couvrez les r\u00e8gles l\u00e9gales et techniques qui r\u00e9gissent l\u2019installation d\u2019une rampe pour handicap\u00e9. Toutes les personnes qui souhaitent construire selon les normes d\u2019accessibilit\u00e9 PMR sont potentiellement amen\u00e9es \u00e0 poser une rampe PMR. Cela peut \u00eatre le cas suite \u00e0 un accident dans votre habitation priv\u00e9e mais plus souvent, ce type de r\u00e9novation doit \u00eatre envisag\u00e9 si vous poss\u00e9dez un \u00c9tablissement Recevant du Public, comme un commerce. Ou bien si vous souhaitez vous mettre en r\u00e8gles dans le cadre de la r\u00e9novation de votre maison. Sommaire Rampe pour handicap\u00e9 : la r\u00e9glementation Comment calculer la pente d\u2019une rampe PMR ? Poser une rampe soi-m\u00eame ? Rampe pour handicap\u00e9 : la r\u00e9glementation Si une ou plusieurs marches ou un ressaut sup\u00e9rieur \u00e0 2 cm bloquent l\u2019acc\u00e8s \u00e0 l\u2019entr\u00e9e du b\u00e2timent, vous devez installer une rampe pour handicap\u00e9 fixe. \u00c0 l\u2019inverse d\u2019une rampe amovible, elle permet un acc\u00e8s en toute autonomie, sans restriction. Pour \u00e9viter un effort trop important, la loi impose \u00e0 la rampe PMR un d\u00e9nivel\u00e9, calcul\u00e9 selon la hauteur de la marche \u00e0 franchir. une pente de 5% pour tout acc\u00e8s 8% pour 2 m\u00e8tres de longueur maximum 10% pour moins de 50 cm longueur maximum De m\u00eame, on recommande de laisser libre une zone de 1,50 m\u00e8tre de diam\u00e8tre au bas de la rampe, afin que la personne en fauteuil roulant puisse man\u0153uvrer plus facilement. Aussi, le palier doit mesurer 140 cm sur 90 cm pour qu\u2019elle puisse se retourner sans g\u00eane. Si vous ne disposez pas de suffisamment de place pour installer ce type d\u2019infrastructure, un \u00e9l\u00e9vateur PMR repr\u00e9sente une bonne alternative. Comment calculer la pente d\u2019une rampe PMR ? Un calcul tr\u00e8s simple permet d\u2019\u00e9valuer la longueur et la pente d\u2019une rampe pour handicap\u00e9, en fonction des normes ci-dessus. \u00e0 Longueur de rampe n\u00e9cessaire = Hauteur \u00e0 franchir \/ pourcentage de pente r\u00e9glementaire Par exemple, un obstacle de 10 cm n\u00e9cessite d\u2019une rampe de 1 m\u00e8tre. Une marche de 15 cm demande une rampe PMR de 1,5 m\u00e8tre. Une autre r\u00e8gle \u00e0 retenir est que la longueur de la rampe d\u2019acc\u00e8s mesure 7x la hauteur du perron. Une rampe PMR doit pouvoir supporter au moins 300 kg. Elle doit pr\u00e9senter un rev\u00eatement anti glisse. Autre caract\u00e9ristique, ce rev\u00eatement doit contraster avec le sol. Une rampe pour handicap\u00e9 noire sur un trottoir fonc\u00e9 n\u2019est pas r\u00e9glementaire car les personnes malvoyantes en fauteuil risquent de ne pas en saisir les contours. L\u2019\u00e9quipement ne peut donc pas \u00eatre transparent, il doit \u00eatre color\u00e9 ou opaque. Bref, une rampe pour handicap\u00e9 doit garantir la s\u00e9curit\u00e9 des utilisateurs. Elle doit \u00eatre fix\u00e9e au sol avec stabilit\u00e9. Elle doit aussi \u00eatre \u00e9quip\u00e9e de trous inf\u00e9rieurs \u00e0 2 cm de diam\u00e8tre pour l\u2019\u00e9vacuation des eaux de pluie et de bordures chasse-roues. Poser une rampe soi-m\u00eame ? De nombreuses entreprises sp\u00e9cialis\u00e9es proposent des solutions sur mesure, adapt\u00e9es aux besoins de chacun. N\u00e9anmoins, il existe aussi des kits pr\u00eats \u00e0 l\u2019emploi qui laissent aux bricoleurs le loisir d\u2019installer eux-m\u00eames une rampe PMR. Attention, si vous d\u00e9cidez de monter une rampe pour handicap\u00e9 vous-m\u00eame, vous devenez l\u00e9galement responsable. Si quelqu\u2019un venait \u00e0 se blesser, on v\u00e9rifiera que l\u2019installation r\u00e9pond \u00e0 toutes les exigences l\u00e9gales. Avant de poser ce genre de syst\u00e8me sur la voie publique, il convient de demander une autorisation pr\u00e9alable \u00e0 la Mairie. Ce permis ne sera d\u00e9livr\u00e9 que si vous pouvez garantir qu\u2019il restera 1,20 m\u00e8tre libre apr\u00e8s la pose. Si ce n\u2019est pas le cas, vous devrez alors opter pour une rampe amovible. Pensez alors \u00e0 compl\u00e9ter cette solution, d\u2019un syst\u00e8me d\u2019alarme sonore, comme une sonnette pour pr\u00e9venir les personnes \u00e0 l\u2019int\u00e9rieur du b\u00e2timent de venir installer la rampe en cas de besoin. Une fois la forme et l\u2019agencement d\u00e9finis, vous pouvez passer commande aupr\u00e8s d\u2019un vendeur sp\u00e9cialis\u00e9. N\u2019oubliez pas d\u2019inclure une main courante, d\u2019une largeur de 3 \u00e0 4 cm. Assurez-vous de travailler uniquement avec du bois trait\u00e9, plus solide et plus r\u00e9sistant aux intemp\u00e9ries. N\u2019oubliez pas de creuser les fondations n\u00e9cessaires pour planter les piliers qui stabilisent l\u2019ensemble de la structure. Lorsque le tout est mont\u00e9, il ne reste plus qu\u2019\u00e0 enduire le bois d\u2019une surface antid\u00e9rapante et color\u00e9e. Il existe des bandes de ruban adh\u00e9sif, tr\u00e8s faciles \u00e0 l\u2019emploi. Vous pouvez aussi choisir l\u2019option b\u00e9ton bross\u00e9, qui cr\u00e9e une surface rugueuse. Prenez contact avec Handibain pour tout savoir sur l\u2019am\u00e9nagement d\u2019une rampe PMR dans votre logement ou votre local commercial. Dans la m\u00eame cat\u00e9gorie Normes de largeur de porte PMR et couloir pour handicap\u00e9 Les 5 r\u00e8gles d\u2019un \u00e9l\u00e9vateur PMR Normes PMR : toutes les informations \u00e0 conna\u00eetre Un diagnostic accessibilit\u00e9 PMR<\/p>\n","protected":false},"author":1,"featured_media":0,"parent":0,"menu_order":0,"comment_status":"closed","ping_status":"closed","template":"elementor_header_footer","meta":{"_eb_attr":"","footnotes":""},"class_list":["post-19867","page","type-page","status-publish","hentry"],"_links":{"self":[{"href":"https:\/\/handibat.fr\/index.php\/wp-json\/wp\/v2\/pages\/19867","targetHints":{"allow":["GET"]}}],"collection":[{"href":"https:\/\/handibat.fr\/index.php\/wp-json\/wp\/v2\/pages"}],"about":[{"href":"https:\/\/handibat.fr\/index.php\/wp-json\/wp\/v2\/types\/page"}],"author":[{"embeddable":true,"href":"https:\/\/handibat.fr\/index.php\/wp-json\/wp\/v2\/users\/1"}],"replies":[{"embeddable":true,"href":"https:\/\/handibat.fr\/index.php\/wp-json\/wp\/v2\/comments?post=19867"}],"version-history":[{"count":28,"href":"https:\/\/handibat.fr\/index.php\/wp-json\/wp\/v2\/pages\/19867\/revisions"}],"predecessor-version":[{"id":22877,"href":"https:\/\/handibat.fr\/index.php\/wp-json\/wp\/v2\/pages\/19867\/revisions\/22877"}],"wp:attachment":[{"href":"https:\/\/handibat.fr\/index.php\/wp-json\/wp\/v2\/media?parent=19867"}],"curies":[{"name":"wp","href":"https:\/\/api.w.org\/{rel}","templated":true}]}}