{"id":19901,"date":"2024-09-17T08:49:51","date_gmt":"2024-09-17T06:49:51","guid":{"rendered":"https:\/\/handibat.fr\/?page_id=19901"},"modified":"2024-10-08T13:02:01","modified_gmt":"2024-10-08T11:02:01","slug":"les-5-regles-dun-elevateur-pmr","status":"publish","type":"page","link":"https:\/\/handibat.fr\/index.php\/les-5-regles-dun-elevateur-pmr\/","title":{"rendered":"Les 5 r\u00e8gles d\u2019un \u00e9l\u00e9vateur PMR"},"content":{"rendered":"\t\t<div data-elementor-type=\"wp-page\" data-elementor-id=\"19901\" class=\"elementor elementor-19901\">\n\t\t\t\t<div class=\"elementor-element elementor-element-6ff34c8 e-flex e-con-boxed wpr-particle-no wpr-jarallax-no wpr-parallax-no wpr-sticky-section-no e-con e-parent\" data-id=\"6ff34c8\" data-element_type=\"container\" data-settings=\"{&quot;background_background&quot;:&quot;classic&quot;}\">\n\t\t\t\t\t<div class=\"e-con-inner\">\n\t\t\t\t<div class=\"elementor-element elementor-element-27f475e elementor-widget elementor-widget-heading\" data-id=\"27f475e\" data-element_type=\"widget\" data-widget_type=\"heading.default\">\n\t\t\t\t<div class=\"elementor-widget-container\">\n\t\t\t<h1 class=\"elementor-heading-title elementor-size-default\">Les 5 r\u00e8gles d\u2019un \u00e9l\u00e9vateur PMR<\/h1>\t\t<\/div>\n\t\t\t\t<\/div>\n\t\t\t\t\t<\/div>\n\t\t\t\t<\/div>\n\t\t<div class=\"elementor-element elementor-element-8cae744 e-con-full e-flex wpr-particle-no wpr-jarallax-no wpr-parallax-no wpr-sticky-section-no e-con e-parent\" data-id=\"8cae744\" data-element_type=\"container\">\n\t\t\t\t<div class=\"elementor-element elementor-element-d4c601e elementor-widget-laptop__width-initial elementor-widget elementor-widget-text-editor\" data-id=\"d4c601e\" data-element_type=\"widget\" data-widget_type=\"text-editor.default\">\n\t\t\t\t<div class=\"elementor-widget-container\">\n\t\t\t\t\t\t\t<p><strong>L\u2019installation d\u2019un \u00e9l\u00e9vateur PMR ou un ascenseur pour handicap\u00e9 r\u00e9pond \u00e0 des normes strictes, explicit\u00e9es dans l\u2019Arr\u00eat\u00e9 du 20 avril 2017. Retour sur les 5 r\u00e8gles d\u2019or de la mise en accessibilit\u00e9 d\u2019un escalier PMR.<\/strong><\/p>\t\t\t\t\t\t<\/div>\n\t\t\t\t<\/div>\n\t\t\t\t<div class=\"elementor-element elementor-element-34247be elementor-widget-laptop__width-initial elementor-widget elementor-widget-text-editor\" data-id=\"34247be\" data-element_type=\"widget\" data-widget_type=\"text-editor.default\">\n\t\t\t\t<div class=\"elementor-widget-container\">\n\t\t\t\t\t\t\t<p><strong>Un \u00e9l\u00e9vateur PMR permet de franchir les hauteurs de quelques marches. Pour passer d\u2019un \u00e9tage \u00e0 un autre, il faudra alors opter pour un escalier PMR. Le choix pour telle ou telle solution se d\u00e9termine au cas par cas dans l&#8217;optique d&#8217;une <a href=\"#\">r\u00e9novation maison<\/a>. Retrouvez ci-dessous la liste des crit\u00e8res \u00e0 prendre en compte pour assurer <a href=\"#\">l\u2019accessibilit\u00e9 PMR<\/a> de votre b\u00e2timent. <\/strong><\/p>\t\t\t\t\t\t<\/div>\n\t\t\t\t<\/div>\n\t\t\t\t<\/div>\n\t\t<div class=\"elementor-element elementor-element-9287dc9 e-con-full e-flex wpr-particle-no wpr-jarallax-no wpr-parallax-no wpr-sticky-section-no e-con e-parent\" data-id=\"9287dc9\" data-element_type=\"container\">\n\t\t\t\t<div class=\"elementor-element elementor-element-2cbc6bc elementor-widget elementor-widget-heading\" data-id=\"2cbc6bc\" data-element_type=\"widget\" data-widget_type=\"heading.default\">\n\t\t\t\t<div class=\"elementor-widget-container\">\n\t\t\t<h4 class=\"elementor-heading-title elementor-size-default\">Sommaire<\/h4>\t\t<\/div>\n\t\t\t\t<\/div>\n\t\t\t\t<div class=\"elementor-element elementor-element-5be0095 elementor-icon-list--layout-traditional elementor-list-item-link-full_width elementor-widget elementor-widget-icon-list\" data-id=\"5be0095\" data-element_type=\"widget\" data-widget_type=\"icon-list.default\">\n\t\t\t\t<div class=\"elementor-widget-container\">\n\t\t\t\t\t<ul class=\"elementor-icon-list-items\">\n\t\t\t\t\t\t\t<li class=\"elementor-icon-list-item\">\n\t\t\t\t\t\t\t\t\t\t\t<a href=\"#pmr1\">\n\n\t\t\t\t\t\t\t\t\t\t\t<span class=\"elementor-icon-list-text\">1. Un \u00e9l\u00e9vateur PMR ou un ascenseur handicap\u00e9 ?<\/span>\n\t\t\t\t\t\t\t\t\t\t\t<\/a>\n\t\t\t\t\t\t\t\t\t<\/li>\n\t\t\t\t\t\t\t\t<li class=\"elementor-icon-list-item\">\n\t\t\t\t\t\t\t\t\t\t\t<a href=\"#pmr2\">\n\n\t\t\t\t\t\t\t\t\t\t\t<span class=\"elementor-icon-list-text\">2. Les caract\u00e9ristiques techniques de l\u2019\u00e9l\u00e9vateur PMR<\/span>\n\t\t\t\t\t\t\t\t\t\t\t<\/a>\n\t\t\t\t\t\t\t\t\t<\/li>\n\t\t\t\t\t\t\t\t<li class=\"elementor-icon-list-item\">\n\t\t\t\t\t\t\t\t\t\t\t<a href=\"#pmr3\">\n\n\t\t\t\t\t\t\t\t\t\t\t<span class=\"elementor-icon-list-text\">3. La s\u00e9curit\u00e9 de votre escalier PMR<\/span>\n\t\t\t\t\t\t\t\t\t\t\t<\/a>\n\t\t\t\t\t\t\t\t\t<\/li>\n\t\t\t\t\t\t\t\t<li class=\"elementor-icon-list-item\">\n\t\t\t\t\t\t\t\t\t\t\t<a href=\"#pmr4\">\n\n\t\t\t\t\t\t\t\t\t\t\t<span class=\"elementor-icon-list-text\">4. Les commandes et le dispositif de signalement de l\u2019\u00e9l\u00e9vateur PMR<\/span>\n\t\t\t\t\t\t\t\t\t\t\t<\/a>\n\t\t\t\t\t\t\t\t\t<\/li>\n\t\t\t\t\t\t\t\t<li class=\"elementor-icon-list-item\">\n\t\t\t\t\t\t\t\t\t\t\t<a href=\"#pmr5\">\n\n\t\t\t\t\t\t\t\t\t\t\t<span class=\"elementor-icon-list-text\">5. Une signalisation \u00e0 proximit\u00e9<\/span>\n\t\t\t\t\t\t\t\t\t\t\t<\/a>\n\t\t\t\t\t\t\t\t\t<\/li>\n\t\t\t\t\t\t<\/ul>\n\t\t\t\t<\/div>\n\t\t\t\t<\/div>\n\t\t\t\t<\/div>\n\t\t<div class=\"elementor-element elementor-element-9002a3f e-flex e-con-boxed wpr-particle-no wpr-jarallax-no wpr-parallax-no wpr-sticky-section-no e-con e-parent\" data-id=\"9002a3f\" data-element_type=\"container\" id=\"pmr1\">\n\t\t\t\t\t<div class=\"e-con-inner\">\n\t\t\t\t<div class=\"elementor-element elementor-element-79d4896 elementor-widget elementor-widget-heading\" data-id=\"79d4896\" data-element_type=\"widget\" data-widget_type=\"heading.default\">\n\t\t\t\t<div class=\"elementor-widget-container\">\n\t\t\t<h2 class=\"elementor-heading-title elementor-size-default\">1. Un \u00e9l\u00e9vateur PMR ou un ascenseur handicap\u00e9 ?<\/h2>\t\t<\/div>\n\t\t\t\t<\/div>\n\t\t\t\t<div class=\"elementor-element elementor-element-9f2aa26 elementor-widget elementor-widget-text-editor\" data-id=\"9f2aa26\" data-element_type=\"widget\" data-widget_type=\"text-editor.default\">\n\t\t\t\t<div class=\"elementor-widget-container\">\n\t\t\t\t\t\t\t<div><div><div class=\"one-column OneColumn-sc-bx1yn1-0 cGQbNY \"><p>Un ascenseur pour handicap\u00e9 est obligatoire dans les b\u00e2timents o\u00f9 l\u2019effectif du public admis d\u00e9passe <strong>50 personnes<\/strong> ou que certaines prestations ne peuvent \u00eatre assur\u00e9es au rez-de-chauss\u00e9e. Cela fait partie des <a href=\"https:\/\/handibat.fr\/index.php\/normes-pmr\/\">normes PMR<\/a> \u00e0 respecter.<\/p><p>Dans une habitation priv\u00e9e ou un commerce local, un \u00e9l\u00e9vateur PMR est donc largement suffisant. Le choix entre les diff\u00e9rents dispositifs pour escalier PMR d\u00e9pend de la<strong> hauteur de la course <\/strong>:<\/p><ul><li>un appareil avec nacelle mais sans gaine, jusqu\u2019\u00e0 0,50 m\u00e8tre<\/li><li>un appareil avec nacelle, gaine et portillon, jusqu\u2019\u00e0 1,20 m\u00e8tre<\/li><li>un appareil avec nacelle, gaine ferm\u00e9e et porte, jusqu\u2019\u00e0 3,20 m\u00e8tres L\u2019\u00e9l\u00e9vateur PMR doit \u00eatre install\u00e9 \u00e0 l\u2019int\u00e9rieur du b\u00e2timent ou \u00e0 l\u2019ext\u00e9rieur, si l\u2019accessibilit\u00e9 ne peut \u00eatre assur\u00e9e.<\/li><\/ul><\/div><\/div><\/div>\t\t\t\t\t\t<\/div>\n\t\t\t\t<\/div>\n\t\t\t\t\t<\/div>\n\t\t\t\t<\/div>\n\t\t<div class=\"elementor-element elementor-element-6604fc4 e-flex e-con-boxed wpr-particle-no wpr-jarallax-no wpr-parallax-no wpr-sticky-section-no e-con e-parent\" data-id=\"6604fc4\" data-element_type=\"container\" id=\"pmr2\">\n\t\t\t\t\t<div class=\"e-con-inner\">\n\t\t\t\t<div class=\"elementor-element elementor-element-55c3229 elementor-widget elementor-widget-heading\" data-id=\"55c3229\" data-element_type=\"widget\" data-widget_type=\"heading.default\">\n\t\t\t\t<div class=\"elementor-widget-container\">\n\t\t\t<h2 class=\"elementor-heading-title elementor-size-default\">2. Les caract\u00e9ristiques techniques de <br> l\u2019\u00e9l\u00e9vateur PMR<\/h2>\t\t<\/div>\n\t\t\t\t<\/div>\n\t\t\t\t<div class=\"elementor-element elementor-element-9347df7 elementor-widget elementor-widget-text-editor\" data-id=\"9347df7\" data-element_type=\"widget\" data-widget_type=\"text-editor.default\">\n\t\t\t\t<div class=\"elementor-widget-container\">\n\t\t\t\t\t\t\t<div><div><div class=\"one-column OneColumn-sc-bx1yn1-0 cGQbNY \"><div><div><div class=\"one-column OneColumn-sc-bx1yn1-0 cGQbNY \"><div class=\"RMPadding-sc-1645b7s-0 kXMOIo\">\u00a0<\/div><p>La plate-forme \u00e9l\u00e9vatrice doit mesurer <strong>0,90 x 1,40 m\u00e8tre<\/strong> en cas de service simple ou oppos\u00e9 et <strong>1,10 x 1,40 m\u00e8tre<\/strong> en cas d\u2019installation dans un angle. Ce syst\u00e8me pour escalier PMR doit supporter une masse de <strong>250 kg\/m2<\/strong>. La porte pr\u00e9sente une largeur de <strong>0,90 m\u00e8tre, au minimum<\/strong>, soit 0,83 m\u00e8tre de passage utile.<\/p><\/div><\/div><\/div><\/div><\/div><\/div>\t\t\t\t\t\t<\/div>\n\t\t\t\t<\/div>\n\t\t\t\t\t<\/div>\n\t\t\t\t<\/div>\n\t\t<div class=\"elementor-element elementor-element-abfb579 e-flex e-con-boxed wpr-particle-no wpr-jarallax-no wpr-parallax-no wpr-sticky-section-no e-con e-parent\" data-id=\"abfb579\" data-element_type=\"container\" id=\"pmr3\">\n\t\t\t\t\t<div class=\"e-con-inner\">\n\t\t\t\t<div class=\"elementor-element elementor-element-6af2d0a elementor-widget elementor-widget-heading\" data-id=\"6af2d0a\" data-element_type=\"widget\" data-widget_type=\"heading.default\">\n\t\t\t\t<div class=\"elementor-widget-container\">\n\t\t\t<h2 class=\"elementor-heading-title elementor-size-default\">3. La s\u00e9curit\u00e9 de votre escalier PMR<\/h2>\t\t<\/div>\n\t\t\t\t<\/div>\n\t\t\t\t<div class=\"elementor-element elementor-element-a7fb236 elementor-widget elementor-widget-text-editor\" data-id=\"a7fb236\" data-element_type=\"widget\" data-widget_type=\"text-editor.default\">\n\t\t\t\t<div class=\"elementor-widget-container\">\n\t\t\t\t\t\t\t<div class=\"one-column OneColumn-sc-bx1yn1-0 cGQbNY \"><div><div><div class=\"one-column OneColumn-sc-bx1yn1-0 cGQbNY \">\u00c9videmment, l\u2019\u00e9l\u00e9vateur pour escalier PMR doit garantir la s\u00e9curit\u00e9 des utilisateurs. Aussi, un dispositif permet de <strong>d\u00e9tecter une pr\u00e9sence<\/strong> dans le vide en dessous de la nacelle. \u00c0 l\u2019\u00e9tage, il ne peut descendre s\u2019il discerne un objet ou une forme quelconque.<\/div><\/div><\/div><\/div>\t\t\t\t\t\t<\/div>\n\t\t\t\t<\/div>\n\t\t\t\t\t<\/div>\n\t\t\t\t<\/div>\n\t\t<div class=\"elementor-element elementor-element-0b8559e e-flex e-con-boxed wpr-particle-no wpr-jarallax-no wpr-parallax-no wpr-sticky-section-no e-con e-parent\" data-id=\"0b8559e\" data-element_type=\"container\" id=\"pmr4\">\n\t\t\t\t\t<div class=\"e-con-inner\">\n\t\t\t\t<div class=\"elementor-element elementor-element-c471a90 elementor-widget elementor-widget-heading\" data-id=\"c471a90\" data-element_type=\"widget\" data-widget_type=\"heading.default\">\n\t\t\t\t<div class=\"elementor-widget-container\">\n\t\t\t<h2 class=\"elementor-heading-title elementor-size-default\">4. Les commandes et le dispositif de signalement de l\u2019\u00e9l\u00e9vateur PMR<\/h2>\t\t<\/div>\n\t\t\t\t<\/div>\n\t\t\t\t<div class=\"elementor-element elementor-element-469ff1b elementor-widget elementor-widget-text-editor\" data-id=\"469ff1b\" data-element_type=\"widget\" data-widget_type=\"text-editor.default\">\n\t\t\t\t<div class=\"elementor-widget-container\">\n\t\t\t\t\t\t\t<div class=\"one-column OneColumn-sc-bx1yn1-0 cGQbNY \"><div><div><div class=\"one-column OneColumn-sc-bx1yn1-0 cGQbNY \"><div class=\"RMPadding-sc-1645b7s-0 kXMOIo\">\u00a0<\/div><p>L\u2019appareil d\u2019\u00e9l\u00e9vation doit \u00eatre \u00e9quip\u00e9 de <strong>commandes centr\u00e9es<\/strong> \u00e0 l\u2019int\u00e9rieur de la nacelle. Elles ne peuvent pas \u00eatre situ\u00e9es \u00e0 proximit\u00e9 du d\u00e9battement de la porte. Dans le cas d\u2019un \u00e9l\u00e9vateur \u00e0 gaine ferm\u00e9e, les commandes doivent enregistrer plusieurs ordres. De m\u00eame, un \u00e9l\u00e9vateur PMR doit proposer un <strong>syst\u00e8me de signalement<\/strong>, situ\u00e9 \u00e0 proximit\u00e9 du portillon. Pour plus de visibilit\u00e9, il doit \u00eatre contrast\u00e9 vis-\u00e0-vis du support et \u00eatre plac\u00e9 entre 90 et 130 cm de hauteur.<\/p><\/div><\/div><\/div><\/div>\t\t\t\t\t\t<\/div>\n\t\t\t\t<\/div>\n\t\t\t\t\t<\/div>\n\t\t\t\t<\/div>\n\t\t<div class=\"elementor-element elementor-element-e1ec3db e-flex e-con-boxed wpr-particle-no wpr-jarallax-no wpr-parallax-no wpr-sticky-section-no e-con e-parent\" data-id=\"e1ec3db\" data-element_type=\"container\">\n\t\t\t\t\t<div class=\"e-con-inner\">\n\t\t\t\t<div class=\"elementor-element elementor-element-667497d elementor-widget elementor-widget-heading\" data-id=\"667497d\" data-element_type=\"widget\" id=\"pmr5\" data-widget_type=\"heading.default\">\n\t\t\t\t<div class=\"elementor-widget-container\">\n\t\t\t<h2 class=\"elementor-heading-title elementor-size-default\">5. Une signalisation \u00e0 proximit\u00e9<\/h2>\t\t<\/div>\n\t\t\t\t<\/div>\n\t\t\t\t<div class=\"elementor-element elementor-element-5999696 elementor-widget elementor-widget-text-editor\" data-id=\"5999696\" data-element_type=\"widget\" data-widget_type=\"text-editor.default\">\n\t\t\t\t<div class=\"elementor-widget-container\">\n\t\t\t\t\t\t\t<div class=\"one-column OneColumn-sc-bx1yn1-0 cGQbNY \"><div><div><div class=\"one-column OneColumn-sc-bx1yn1-0 cGQbNY \"><div class=\"RMPadding-sc-1645b7s-0 kXMOIo\">\u00a0<\/div><p>L\u2019installation d\u2019un \u00e9l\u00e9vateur PMR requiert aussi la pose d\u2019une signal\u00e9tique adapt\u00e9e, sous la forme d\u2019un <strong>pictogramme<\/strong>, indiquant le num\u00e9ro de l\u2019\u00e9tage. Ce panneau doit lui aussi \u00eatre \u00e0 proximit\u00e9 imm\u00e9diate de la nacelle, en relief et contrast\u00e9 par rapport \u00e0 son support et positionn\u00e9 de telle sorte qu\u2019une personne malvoyante puisse le toucher.<\/p><\/div><\/div><\/div><\/div>\t\t\t\t\t\t<\/div>\n\t\t\t\t<\/div>\n\t\t\t\t<div class=\"elementor-element elementor-element-b550471 elementor-widget elementor-widget-text-editor\" data-id=\"b550471\" data-element_type=\"widget\" data-widget_type=\"text-editor.default\">\n\t\t\t\t<div class=\"elementor-widget-container\">\n\t\t\t\t\t\t\t<div class=\"one-column OneColumn-sc-bx1yn1-0 cGQbNY \"><div><div><div class=\"one-column OneColumn-sc-bx1yn1-0 cGQbNY \">Pour vous accompagner dans l\u2019installation d\u2019un \u00e9l\u00e9vateur PMR, contactez-nous et profitez des conseils de Handibain.<\/div><\/div><\/div><\/div>\t\t\t\t\t\t<\/div>\n\t\t\t\t<\/div>\n\t\t\t\t\t<\/div>\n\t\t\t\t<\/div>\n\t\t<div class=\"elementor-element elementor-element-b190c53 e-flex e-con-boxed wpr-particle-no wpr-jarallax-no wpr-parallax-no wpr-sticky-section-no e-con e-parent\" data-id=\"b190c53\" data-element_type=\"container\" data-settings=\"{&quot;background_background&quot;:&quot;classic&quot;}\">\n\t\t\t\t\t<div class=\"e-con-inner\">\n\t\t\t\t<div class=\"elementor-element elementor-element-48e2e33 elementor-widget elementor-widget-heading\" data-id=\"48e2e33\" data-element_type=\"widget\" data-widget_type=\"heading.default\">\n\t\t\t\t<div class=\"elementor-widget-container\">\n\t\t\t<h4 class=\"elementor-heading-title elementor-size-default\">Dans la m\u00eame cat\u00e9gorie<\/h4>\t\t<\/div>\n\t\t\t\t<\/div>\n\t\t<div class=\"elementor-element elementor-element-0e6a75b e-grid e-con-full wpr-particle-no wpr-jarallax-no wpr-parallax-no wpr-sticky-section-no e-con e-child\" data-id=\"0e6a75b\" data-element_type=\"container\">\n\t\t<a class=\"elementor-element elementor-element-f0886ed e-con-full e-flex wpr-particle-no wpr-jarallax-no wpr-parallax-no wpr-sticky-section-no e-con e-child\" data-id=\"f0886ed\" data-element_type=\"container\" data-settings=\"{&quot;background_background&quot;:&quot;classic&quot;}\" href=\"https:\/\/handibat.fr\/index.php\/largeur-de-porte-pmr-et-couloir-pour-handicape\/\">\n\t\t\t\t<div class=\"elementor-element elementor-element-0134aee elementor-widget elementor-widget-heading\" data-id=\"0134aee\" data-element_type=\"widget\" data-widget_type=\"heading.default\">\n\t\t\t\t<div class=\"elementor-widget-container\">\n\t\t\t<h5 class=\"elementor-heading-title elementor-size-default\">Normes de largeur de porte PMR et couloir pour handicap\u00e9<\/h5>\t\t<\/div>\n\t\t\t\t<\/div>\n\t\t\t\t<div class=\"elementor-element elementor-element-e93ee8f elementor-widget elementor-widget-image\" data-id=\"e93ee8f\" data-element_type=\"widget\" data-widget_type=\"image.default\">\n\t\t\t\t<div class=\"elementor-widget-container\">\n\t\t\t\t\t\t\t\t\t\t\t\t\t<img decoding=\"async\" width=\"150\" height=\"150\" src=\"https:\/\/handibat.fr\/wp-content\/uploads\/2024\/09\/1571645397-femme-en-chaise-roulante-150x150.png\" class=\"attachment-thumbnail size-thumbnail wp-image-16672\" alt=\"\" \/>\t\t\t\t\t\t\t\t\t\t\t\t\t<\/div>\n\t\t\t\t<\/div>\n\t\t\t\t<\/a>\n\t\t<a class=\"elementor-element elementor-element-9b14264 e-con-full e-flex wpr-particle-no wpr-jarallax-no wpr-parallax-no wpr-sticky-section-no e-con e-child\" data-id=\"9b14264\" data-element_type=\"container\" data-settings=\"{&quot;background_background&quot;:&quot;classic&quot;}\" href=\"https:\/\/handibat.fr\/index.php\/installer-une-rampe-pmr\/\">\n\t\t\t\t<div class=\"elementor-element elementor-element-08b18c1 elementor-widget elementor-widget-heading\" data-id=\"08b18c1\" data-element_type=\"widget\" data-widget_type=\"heading.default\">\n\t\t\t\t<div class=\"elementor-widget-container\">\n\t\t\t<h5 class=\"elementor-heading-title elementor-size-default\">Installer un rampe PMR<\/h5>\t\t<\/div>\n\t\t\t\t<\/div>\n\t\t\t\t<\/a>\n\t\t<a class=\"elementor-element elementor-element-dbcdf00 e-con-full e-flex wpr-particle-no wpr-jarallax-no wpr-parallax-no wpr-sticky-section-no e-con e-child\" data-id=\"dbcdf00\" data-element_type=\"container\" data-settings=\"{&quot;background_background&quot;:&quot;classic&quot;}\" href=\"https:\/\/handibat.fr\/index.php\/normes-pmr\/\">\n\t\t\t\t<div class=\"elementor-element elementor-element-53f2647 elementor-widget elementor-widget-heading\" data-id=\"53f2647\" data-element_type=\"widget\" data-widget_type=\"heading.default\">\n\t\t\t\t<div class=\"elementor-widget-container\">\n\t\t\t<h5 class=\"elementor-heading-title elementor-size-default\">Normes PMR : toutes les informations \u00e0 conna\u00eetre<\/h5>\t\t<\/div>\n\t\t\t\t<\/div>\n\t\t\t\t<\/a>\n\t\t<a class=\"elementor-element elementor-element-8b48986 e-con-full e-flex wpr-particle-no wpr-jarallax-no wpr-parallax-no wpr-sticky-section-no e-con e-child\" data-id=\"8b48986\" data-element_type=\"container\" data-settings=\"{&quot;background_background&quot;:&quot;classic&quot;}\" href=\"https:\/\/handibat.fr\/index.php\/un-diagnostic-accessibilite-pmr\/\">\n\t\t\t\t<div class=\"elementor-element elementor-element-399bde2 elementor-widget elementor-widget-heading\" data-id=\"399bde2\" data-element_type=\"widget\" data-widget_type=\"heading.default\">\n\t\t\t\t<div class=\"elementor-widget-container\">\n\t\t\t<h5 class=\"elementor-heading-title elementor-size-default\">Un diagnostic accessibilit\u00e9 PMR<\/h5>\t\t<\/div>\n\t\t\t\t<\/div>\n\t\t\t\t<\/a>\n\t\t\t\t<\/div>\n\t\t\t\t\t<\/div>\n\t\t\t\t<\/div>\n\t\t\t\t<\/div>\n\t\t","protected":false},"excerpt":{"rendered":"<p>Les 5 r\u00e8gles d\u2019un \u00e9l\u00e9vateur PMR L\u2019installation d\u2019un \u00e9l\u00e9vateur PMR ou un ascenseur pour handicap\u00e9 r\u00e9pond \u00e0 des normes strictes, explicit\u00e9es dans l\u2019Arr\u00eat\u00e9 du 20 avril 2017. Retour sur les 5 r\u00e8gles d\u2019or de la mise en accessibilit\u00e9 d\u2019un escalier PMR. Un \u00e9l\u00e9vateur PMR permet de franchir les hauteurs de quelques marches. Pour passer d\u2019un \u00e9tage \u00e0 un autre, il faudra alors opter pour un escalier PMR. Le choix pour telle ou telle solution se d\u00e9termine au cas par cas dans l&#8217;optique d&#8217;une r\u00e9novation maison. Retrouvez ci-dessous la liste des crit\u00e8res \u00e0 prendre en compte pour assurer l\u2019accessibilit\u00e9 PMR de votre b\u00e2timent. Sommaire 1. Un \u00e9l\u00e9vateur PMR ou un ascenseur handicap\u00e9 ? 2. Les caract\u00e9ristiques techniques de l\u2019\u00e9l\u00e9vateur PMR 3. La s\u00e9curit\u00e9 de votre escalier PMR 4. Les commandes et le dispositif de signalement de l\u2019\u00e9l\u00e9vateur PMR 5. Une signalisation \u00e0 proximit\u00e9 1. Un \u00e9l\u00e9vateur PMR ou un ascenseur handicap\u00e9 ? Un ascenseur pour handicap\u00e9 est obligatoire dans les b\u00e2timents o\u00f9 l\u2019effectif du public admis d\u00e9passe 50 personnes ou que certaines prestations ne peuvent \u00eatre assur\u00e9es au rez-de-chauss\u00e9e. Cela fait partie des normes PMR \u00e0 respecter. Dans une habitation priv\u00e9e ou un commerce local, un \u00e9l\u00e9vateur PMR est donc largement suffisant. Le choix entre les diff\u00e9rents dispositifs pour escalier PMR d\u00e9pend de la hauteur de la course : un appareil avec nacelle mais sans gaine, jusqu\u2019\u00e0 0,50 m\u00e8tre un appareil avec nacelle, gaine et portillon, jusqu\u2019\u00e0 1,20 m\u00e8tre un appareil avec nacelle, gaine ferm\u00e9e et porte, jusqu\u2019\u00e0 3,20 m\u00e8tres L\u2019\u00e9l\u00e9vateur PMR doit \u00eatre install\u00e9 \u00e0 l\u2019int\u00e9rieur du b\u00e2timent ou \u00e0 l\u2019ext\u00e9rieur, si l\u2019accessibilit\u00e9 ne peut \u00eatre assur\u00e9e. 2. Les caract\u00e9ristiques techniques de l\u2019\u00e9l\u00e9vateur PMR \u00a0 La plate-forme \u00e9l\u00e9vatrice doit mesurer 0,90 x 1,40 m\u00e8tre en cas de service simple ou oppos\u00e9 et 1,10 x 1,40 m\u00e8tre en cas d\u2019installation dans un angle. Ce syst\u00e8me pour escalier PMR doit supporter une masse de 250 kg\/m2. La porte pr\u00e9sente une largeur de 0,90 m\u00e8tre, au minimum, soit 0,83 m\u00e8tre de passage utile. 3. La s\u00e9curit\u00e9 de votre escalier PMR \u00c9videmment, l\u2019\u00e9l\u00e9vateur pour escalier PMR doit garantir la s\u00e9curit\u00e9 des utilisateurs. Aussi, un dispositif permet de d\u00e9tecter une pr\u00e9sence dans le vide en dessous de la nacelle. \u00c0 l\u2019\u00e9tage, il ne peut descendre s\u2019il discerne un objet ou une forme quelconque. 4. Les commandes et le dispositif de signalement de l\u2019\u00e9l\u00e9vateur PMR \u00a0 L\u2019appareil d\u2019\u00e9l\u00e9vation doit \u00eatre \u00e9quip\u00e9 de commandes centr\u00e9es \u00e0 l\u2019int\u00e9rieur de la nacelle. Elles ne peuvent pas \u00eatre situ\u00e9es \u00e0 proximit\u00e9 du d\u00e9battement de la porte. Dans le cas d\u2019un \u00e9l\u00e9vateur \u00e0 gaine ferm\u00e9e, les commandes doivent enregistrer plusieurs ordres. De m\u00eame, un \u00e9l\u00e9vateur PMR doit proposer un syst\u00e8me de signalement, situ\u00e9 \u00e0 proximit\u00e9 du portillon. Pour plus de visibilit\u00e9, il doit \u00eatre contrast\u00e9 vis-\u00e0-vis du support et \u00eatre plac\u00e9 entre 90 et 130 cm de hauteur. 5. Une signalisation \u00e0 proximit\u00e9 \u00a0 L\u2019installation d\u2019un \u00e9l\u00e9vateur PMR requiert aussi la pose d\u2019une signal\u00e9tique adapt\u00e9e, sous la forme d\u2019un pictogramme, indiquant le num\u00e9ro de l\u2019\u00e9tage. Ce panneau doit lui aussi \u00eatre \u00e0 proximit\u00e9 imm\u00e9diate de la nacelle, en relief et contrast\u00e9 par rapport \u00e0 son support et positionn\u00e9 de telle sorte qu\u2019une personne malvoyante puisse le toucher. Pour vous accompagner dans l\u2019installation d\u2019un \u00e9l\u00e9vateur PMR, contactez-nous et profitez des conseils de Handibain. Dans la m\u00eame cat\u00e9gorie Normes de largeur de porte PMR et couloir pour handicap\u00e9 Installer un rampe PMR Normes PMR : toutes les informations \u00e0 conna\u00eetre Un diagnostic accessibilit\u00e9 PMR<\/p>\n","protected":false},"author":1,"featured_media":0,"parent":0,"menu_order":0,"comment_status":"closed","ping_status":"closed","template":"elementor_header_footer","meta":{"_eb_attr":"","footnotes":""},"class_list":["post-19901","page","type-page","status-publish","hentry"],"_links":{"self":[{"href":"https:\/\/handibat.fr\/index.php\/wp-json\/wp\/v2\/pages\/19901","targetHints":{"allow":["GET"]}}],"collection":[{"href":"https:\/\/handibat.fr\/index.php\/wp-json\/wp\/v2\/pages"}],"about":[{"href":"https:\/\/handibat.fr\/index.php\/wp-json\/wp\/v2\/types\/page"}],"author":[{"embeddable":true,"href":"https:\/\/handibat.fr\/index.php\/wp-json\/wp\/v2\/users\/1"}],"replies":[{"embeddable":true,"href":"https:\/\/handibat.fr\/index.php\/wp-json\/wp\/v2\/comments?post=19901"}],"version-history":[{"count":37,"href":"https:\/\/handibat.fr\/index.php\/wp-json\/wp\/v2\/pages\/19901\/revisions"}],"predecessor-version":[{"id":22889,"href":"https:\/\/handibat.fr\/index.php\/wp-json\/wp\/v2\/pages\/19901\/revisions\/22889"}],"wp:attachment":[{"href":"https:\/\/handibat.fr\/index.php\/wp-json\/wp\/v2\/media?parent=19901"}],"curies":[{"name":"wp","href":"https:\/\/api.w.org\/{rel}","templated":true}]}}