{"id":20686,"date":"2024-09-19T07:31:08","date_gmt":"2024-09-19T05:31:08","guid":{"rendered":"https:\/\/handibat.fr\/?page_id=20686"},"modified":"2024-10-08T13:00:23","modified_gmt":"2024-10-08T11:00:23","slug":"un-diagnostic-accessibilite-pmr","status":"publish","type":"page","link":"https:\/\/handibat.fr\/index.php\/un-diagnostic-accessibilite-pmr\/","title":{"rendered":"Un diagnostic accessibilit\u00e9 PMR"},"content":{"rendered":"\t\t<div data-elementor-type=\"wp-page\" data-elementor-id=\"20686\" class=\"elementor elementor-20686\">\n\t\t\t\t<div class=\"elementor-element elementor-element-6ff34c8 e-flex e-con-boxed wpr-particle-no wpr-jarallax-no wpr-parallax-no wpr-sticky-section-no e-con e-parent\" data-id=\"6ff34c8\" data-element_type=\"container\" data-settings=\"{&quot;background_background&quot;:&quot;classic&quot;}\">\n\t\t\t\t\t<div class=\"e-con-inner\">\n\t\t\t\t<div class=\"elementor-element elementor-element-27f475e elementor-widget elementor-widget-heading\" data-id=\"27f475e\" data-element_type=\"widget\" data-widget_type=\"heading.default\">\n\t\t\t\t<div class=\"elementor-widget-container\">\n\t\t\t<h1 class=\"elementor-heading-title elementor-size-default\">Un diagnostic accessibilit\u00e9 PMR<\/h1>\t\t<\/div>\n\t\t\t\t<\/div>\n\t\t\t\t\t<\/div>\n\t\t\t\t<\/div>\n\t\t<div class=\"elementor-element elementor-element-8cae744 e-con-full e-flex wpr-particle-no wpr-jarallax-no wpr-parallax-no wpr-sticky-section-no e-con e-parent\" data-id=\"8cae744\" data-element_type=\"container\">\n\t\t\t\t<div class=\"elementor-element elementor-element-d4c601e elementor-widget-laptop__width-initial elementor-widget elementor-widget-text-editor\" data-id=\"d4c601e\" data-element_type=\"widget\" data-widget_type=\"text-editor.default\">\n\t\t\t\t<div class=\"elementor-widget-container\">\n\t\t\t\t\t\t\t<p><strong>Le diagnostic accessibilit\u00e9 PMR est la premi\u00e8re \u00e9tape pour engager la\u00a0<a href=\"#\">r\u00e9novation d\u2019une maison<\/a>\u00a0ou d&#8217;un b\u00e2timent, en vue de le rendre accessible par les personnes \u00e0 mobilit\u00e9 r\u00e9duite. Tout sur le contr\u00f4le accessibilit\u00e9 handicap\u00e9.<\/strong><\/p>\t\t\t\t\t\t<\/div>\n\t\t\t\t<\/div>\n\t\t\t\t<div class=\"elementor-element elementor-element-34247be elementor-widget-laptop__width-initial elementor-widget elementor-widget-text-editor\" data-id=\"34247be\" data-element_type=\"widget\" data-widget_type=\"text-editor.default\">\n\t\t\t\t<div class=\"elementor-widget-container\">\n\t\t\t\t\t\t\t<p><strong>R\u00e9alis\u00e9 par un architecte, une association, un organisme d\u2019\u00c9tat ou un cabinet sp\u00e9cialis\u00e9, le diagnostic accessibilit\u00e9 PMR permet de prendre connaissance de l\u2019\u00e9tat de l\u2019accessibilit\u00e9 d\u2019un b\u00e2timent pour une personne \u00e0 mobilit\u00e9 r\u00e9duite. Il est compl\u00e9t\u00e9 d\u2019une liste de points critiques \u00e0 am\u00e9liorer et de conseils techniques pour cr\u00e9er un lieu PMR compatible.<\/strong><\/p>\t\t\t\t\t\t<\/div>\n\t\t\t\t<\/div>\n\t\t\t\t<\/div>\n\t\t<div class=\"elementor-element elementor-element-9287dc9 e-con-full e-flex wpr-particle-no wpr-jarallax-no wpr-parallax-no wpr-sticky-section-no e-con e-parent\" data-id=\"9287dc9\" data-element_type=\"container\">\n\t\t\t\t<div class=\"elementor-element elementor-element-2cbc6bc elementor-widget elementor-widget-heading\" data-id=\"2cbc6bc\" data-element_type=\"widget\" data-widget_type=\"heading.default\">\n\t\t\t\t<div class=\"elementor-widget-container\">\n\t\t\t<h4 class=\"elementor-heading-title elementor-size-default\">Sommaire<\/h4>\t\t<\/div>\n\t\t\t\t<\/div>\n\t\t\t\t<div class=\"elementor-element elementor-element-5be0095 elementor-icon-list--layout-traditional elementor-list-item-link-full_width elementor-widget elementor-widget-icon-list\" data-id=\"5be0095\" data-element_type=\"widget\" data-widget_type=\"icon-list.default\">\n\t\t\t\t<div class=\"elementor-widget-container\">\n\t\t\t\t\t<ul class=\"elementor-icon-list-items\">\n\t\t\t\t\t\t\t<li class=\"elementor-icon-list-item\">\n\t\t\t\t\t\t\t\t\t\t\t<a href=\"#pmr1\">\n\n\t\t\t\t\t\t\t\t\t\t\t<span class=\"elementor-icon-list-text\">Qu\u2019est-ce que le diagnostic accessibilit\u00e9 PMR ?<\/span>\n\t\t\t\t\t\t\t\t\t\t\t<\/a>\n\t\t\t\t\t\t\t\t\t<\/li>\n\t\t\t\t\t\t\t\t<li class=\"elementor-icon-list-item\">\n\t\t\t\t\t\t\t\t\t\t\t<a href=\"#pmr2\">\n\n\t\t\t\t\t\t\t\t\t\t\t<span class=\"elementor-icon-list-text\">Pourquoi r\u00e9aliser un contr\u00f4le accessibilit\u00e9 handicap\u00e9 ?<\/span>\n\t\t\t\t\t\t\t\t\t\t\t<\/a>\n\t\t\t\t\t\t\t\t\t<\/li>\n\t\t\t\t\t\t<\/ul>\n\t\t\t\t<\/div>\n\t\t\t\t<\/div>\n\t\t\t\t<\/div>\n\t\t<div class=\"elementor-element elementor-element-9002a3f e-flex e-con-boxed wpr-particle-no wpr-jarallax-no wpr-parallax-no wpr-sticky-section-no e-con e-parent\" data-id=\"9002a3f\" data-element_type=\"container\" id=\"pmr1\">\n\t\t\t\t\t<div class=\"e-con-inner\">\n\t\t\t\t<div class=\"elementor-element elementor-element-79d4896 elementor-widget elementor-widget-heading\" data-id=\"79d4896\" data-element_type=\"widget\" data-widget_type=\"heading.default\">\n\t\t\t\t<div class=\"elementor-widget-container\">\n\t\t\t<h2 class=\"elementor-heading-title elementor-size-default\">Qu\u2019est-ce que le diagnostic accessibilit\u00e9 PMR ?<\/h2>\t\t<\/div>\n\t\t\t\t<\/div>\n\t\t\t\t<div class=\"elementor-element elementor-element-9f2aa26 elementor-widget elementor-widget-text-editor\" data-id=\"9f2aa26\" data-element_type=\"widget\" data-widget_type=\"text-editor.default\">\n\t\t\t\t<div class=\"elementor-widget-container\">\n\t\t\t\t\t\t\t<div><div><div class=\"one-column OneColumn-sc-bx1yn1-0 cGQbNY \"><p>Le contr\u00f4le accessibilit\u00e9 handicap\u00e9 est un \u00e9tat des lieux de la conformit\u00e9 d\u2019un bien par rapport \u00e0 la r\u00e9glementation\u00a0<a href=\"#\">accessibilit\u00e9 PMR<\/a>. Il commence par un\u00a0<strong>\u00e9tat des lieux<\/strong>. Toutes les pi\u00e8ces et toutes les composantes techniques sont pass\u00e9es au crible : accessibilit\u00e9 ext\u00e9rieure, \u00e9l\u00e9vateurs ou ascenseurs, portes et couloirs, sanitaires, \u00e9quipements, \u00e9clairage, \u00e9lectricit\u00e9, etc.<\/p><p>\u00c0 la suite de cette visite, le diagnostic accessibilit\u00e9 PMR attribue une\u00a0<strong>note g\u00e9n\u00e9rale<\/strong>\u00a0:<\/p><ul><li>4 : accessible ave confort d\u2019usage<\/li><li>3 : accessible<\/li><li>2 : accessible avec accompagnement<\/li><li>1 : non accessible<\/li><li>sans objet<\/li><\/ul><p>Le document est compl\u00e9t\u00e9 de\u00a0<strong>pistes d\u2019am\u00e9liorations<\/strong>\u00a0et toutes les pr\u00e9conisations pour la mise en conformit\u00e9 du bien avec les\u00a0<a href=\"https:\/\/handibat.fr\/index.php\/normes-pmr\/\">normes PMR<\/a>\u00a0(Tr\u00e8s nombreux crit\u00e8res, comme par exemple l\u2019installation de rampes, la taille des portes, la hauteur des \u00e9l\u00e9ments, etc.). Prenant en compte les diff\u00e9rents handicaps ce contr\u00f4le accessibilit\u00e9 handicap\u00e9 offre enfin une\u00a0<strong>estimation financi\u00e8re<\/strong>\u00a0du co\u00fbt des travaux.<\/p><\/div><\/div><\/div>\t\t\t\t\t\t<\/div>\n\t\t\t\t<\/div>\n\t\t\t\t\t<\/div>\n\t\t\t\t<\/div>\n\t\t<div class=\"elementor-element elementor-element-6604fc4 e-flex e-con-boxed wpr-particle-no wpr-jarallax-no wpr-parallax-no wpr-sticky-section-no e-con e-parent\" data-id=\"6604fc4\" data-element_type=\"container\" id=\"pmr2\">\n\t\t\t\t\t<div class=\"e-con-inner\">\n\t\t\t\t<div class=\"elementor-element elementor-element-55c3229 elementor-widget elementor-widget-heading\" data-id=\"55c3229\" data-element_type=\"widget\" data-widget_type=\"heading.default\">\n\t\t\t\t<div class=\"elementor-widget-container\">\n\t\t\t<h2 class=\"elementor-heading-title elementor-size-default\">Pourquoi r\u00e9aliser un contr\u00f4le accessibilit\u00e9 handicap\u00e9 ?<\/h2>\t\t<\/div>\n\t\t\t\t<\/div>\n\t\t\t\t<div class=\"elementor-element elementor-element-9347df7 elementor-widget elementor-widget-text-editor\" data-id=\"9347df7\" data-element_type=\"widget\" data-widget_type=\"text-editor.default\">\n\t\t\t\t<div class=\"elementor-widget-container\">\n\t\t\t\t\t\t\t<div><div><div class=\"one-column OneColumn-sc-bx1yn1-0 cGQbNY \"><div><div><div class=\"one-column OneColumn-sc-bx1yn1-0 cGQbNY \"><p>Le diagnostic accessibilit\u00e9 PMR est une d\u00e9marche obligatoire pour les \u00e9tablissements recevant du public (ERP). Il devait \u00eatre r\u00e9alis\u00e9 avant le 31 d\u00e9cembre 2010. Aujourd\u2019hui, il reste n\u00e9cessaire pour toutes les personnes qui r\u00e9novent un b\u00e2timent en vue de\u00a0<strong>cr\u00e9er un commerce, un \u00e9tablissement de restauration un local culturel<\/strong>, etc. Il vise \u00e0 ce que toutes les personnes \u00e0 mobilit\u00e9 r\u00e9duite, quel que soit leur handicap, puissent circuler librement et en toute autonomie.<\/p><p>Notez \u00e9galement que le diagnostic d\u2019accessibilit\u00e9 est une d\u00e9marche n\u00e9cessaire pour constituer d\u2019un\u00a0<strong>dossier de d\u00e9rogation<\/strong>. Les d\u00e9rogations sont pr\u00e9vues si les travaux techniques sont impossibles \u00e0 r\u00e9aliser, \u00e0 cause de la situation physique du local, par les caract\u00e9ristiques du terrain ou la pr\u00e9sence de constructions existantes, par exemple. De m\u00eame, en pr\u00e9sence d\u2019un patrimoine architectural ou urbain, notamment de b\u00e2timents class\u00e9s, il est possible de demander une d\u00e9rogation. Que les travaux concernent l\u2019habitation en question ou un autre b\u00e2timent situ\u00e9 \u00e0 proximit\u00e9 imm\u00e9diate.<\/p><p>La d\u00e9rogation la plus fr\u00e9quemment demand\u00e9e invoque une\u00a0<strong>disproportion manifeste entre l\u2019am\u00e9lioration pr\u00e9vue et les cons\u00e9quences<\/strong>, notamment sur l\u2019activit\u00e9 de l\u2019institution ou du fait du co\u00fbt des travaux. Par exemple, si les travaux de mise en accessibilit\u00e9 impliquent une r\u00e9duction significative de l\u2019espace ou si les \u00e9quipements n\u00e9cessaires encombrent un espace trop important. Le co\u00fbt des travaux est \u00e9galement un motif de d\u00e9rogation valable, s\u2019il entra\u00eene une menace sur l\u2019activit\u00e9, le d\u00e9m\u00e9nagement voire la fermeture de l\u2019entreprise. Enfin, dans le cadre d\u2019une copropri\u00e9t\u00e9 d\u2019un b\u00e2timent \u00e0 usage principal d\u2019habitation, les copropri\u00e9taires peuvent s\u2019opposer \u00e0 la r\u00e9alisation de travaux de mise en conformit\u00e9<\/p><\/div><\/div><\/div><\/div><\/div><\/div>\t\t\t\t\t\t<\/div>\n\t\t\t\t<\/div>\n\t\t\t\t\t<\/div>\n\t\t\t\t<\/div>\n\t\t<div class=\"elementor-element elementor-element-b190c53 e-flex e-con-boxed wpr-particle-no wpr-jarallax-no wpr-parallax-no wpr-sticky-section-no e-con e-parent\" data-id=\"b190c53\" data-element_type=\"container\" data-settings=\"{&quot;background_background&quot;:&quot;classic&quot;}\">\n\t\t\t\t\t<div class=\"e-con-inner\">\n\t\t\t\t<div class=\"elementor-element elementor-element-48e2e33 elementor-widget elementor-widget-heading\" data-id=\"48e2e33\" data-element_type=\"widget\" data-widget_type=\"heading.default\">\n\t\t\t\t<div class=\"elementor-widget-container\">\n\t\t\t<h4 class=\"elementor-heading-title elementor-size-default\">Dans la m\u00eame cat\u00e9gorie<\/h4>\t\t<\/div>\n\t\t\t\t<\/div>\n\t\t<div class=\"elementor-element elementor-element-0e6a75b e-grid e-con-full wpr-particle-no wpr-jarallax-no wpr-parallax-no wpr-sticky-section-no e-con e-child\" data-id=\"0e6a75b\" data-element_type=\"container\">\n\t\t<a class=\"elementor-element elementor-element-f0886ed e-con-full e-flex wpr-particle-no wpr-jarallax-no wpr-parallax-no wpr-sticky-section-no e-con e-child\" data-id=\"f0886ed\" data-element_type=\"container\" data-settings=\"{&quot;background_background&quot;:&quot;classic&quot;}\" href=\"https:\/\/handibat.fr\/index.php\/largeur-de-porte-pmr-et-couloir-pour-handicape\/\">\n\t\t\t\t<div class=\"elementor-element elementor-element-0134aee elementor-widget elementor-widget-heading\" data-id=\"0134aee\" data-element_type=\"widget\" data-widget_type=\"heading.default\">\n\t\t\t\t<div class=\"elementor-widget-container\">\n\t\t\t<h5 class=\"elementor-heading-title elementor-size-default\">Normes de largeur de porte PMR et couloir pour handicap\u00e9<\/h5>\t\t<\/div>\n\t\t\t\t<\/div>\n\t\t\t\t<div class=\"elementor-element elementor-element-e93ee8f elementor-widget elementor-widget-image\" data-id=\"e93ee8f\" data-element_type=\"widget\" data-widget_type=\"image.default\">\n\t\t\t\t<div class=\"elementor-widget-container\">\n\t\t\t\t\t\t\t\t\t\t\t\t\t<img decoding=\"async\" width=\"150\" height=\"150\" src=\"https:\/\/handibat.fr\/wp-content\/uploads\/2024\/09\/1571645397-femme-en-chaise-roulante-150x150.png\" class=\"attachment-thumbnail size-thumbnail wp-image-16672\" alt=\"\" \/>\t\t\t\t\t\t\t\t\t\t\t\t\t<\/div>\n\t\t\t\t<\/div>\n\t\t\t\t<\/a>\n\t\t<a class=\"elementor-element elementor-element-9b14264 e-con-full e-flex wpr-particle-no wpr-jarallax-no wpr-parallax-no wpr-sticky-section-no e-con e-child\" data-id=\"9b14264\" data-element_type=\"container\" data-settings=\"{&quot;background_background&quot;:&quot;classic&quot;}\" href=\"https:\/\/handibat.fr\/index.php\/installer-une-rampe-pmr\/\">\n\t\t\t\t<div class=\"elementor-element elementor-element-08b18c1 elementor-widget elementor-widget-heading\" data-id=\"08b18c1\" data-element_type=\"widget\" data-widget_type=\"heading.default\">\n\t\t\t\t<div class=\"elementor-widget-container\">\n\t\t\t<h5 class=\"elementor-heading-title elementor-size-default\">Installer un rampe PMR<\/h5>\t\t<\/div>\n\t\t\t\t<\/div>\n\t\t\t\t<\/a>\n\t\t<a class=\"elementor-element elementor-element-dbcdf00 e-con-full e-flex wpr-particle-no wpr-jarallax-no wpr-parallax-no wpr-sticky-section-no e-con e-child\" data-id=\"dbcdf00\" data-element_type=\"container\" data-settings=\"{&quot;background_background&quot;:&quot;classic&quot;}\" href=\"https:\/\/handibat.fr\/index.php\/normes-pmr\/\">\n\t\t\t\t<div class=\"elementor-element elementor-element-53f2647 elementor-widget elementor-widget-heading\" data-id=\"53f2647\" data-element_type=\"widget\" data-widget_type=\"heading.default\">\n\t\t\t\t<div class=\"elementor-widget-container\">\n\t\t\t<h5 class=\"elementor-heading-title elementor-size-default\">Normes PMR : toutes les informations \u00e0 conna\u00eetre<\/h5>\t\t<\/div>\n\t\t\t\t<\/div>\n\t\t\t\t<\/a>\n\t\t<a class=\"elementor-element elementor-element-8b48986 e-con-full e-flex wpr-particle-no wpr-jarallax-no wpr-parallax-no wpr-sticky-section-no e-con e-child\" data-id=\"8b48986\" data-element_type=\"container\" data-settings=\"{&quot;background_background&quot;:&quot;classic&quot;}\" href=\"https:\/\/handibat.fr\/index.php\/les-5-regles-dun-elevateur-pmr\/\">\n\t\t\t\t<div class=\"elementor-element elementor-element-399bde2 elementor-widget elementor-widget-heading\" data-id=\"399bde2\" data-element_type=\"widget\" data-widget_type=\"heading.default\">\n\t\t\t\t<div class=\"elementor-widget-container\">\n\t\t\t<h5 class=\"elementor-heading-title elementor-size-default\">Les 5 r\u00e8gles d\u2019un \u00e9l\u00e9vateur PMR<\/h5>\t\t<\/div>\n\t\t\t\t<\/div>\n\t\t\t\t<\/a>\n\t\t\t\t<\/div>\n\t\t\t\t\t<\/div>\n\t\t\t\t<\/div>\n\t\t\t\t<\/div>\n\t\t","protected":false},"excerpt":{"rendered":"<p>Un diagnostic accessibilit\u00e9 PMR Le diagnostic accessibilit\u00e9 PMR est la premi\u00e8re \u00e9tape pour engager la\u00a0r\u00e9novation d\u2019une maison\u00a0ou d&#8217;un b\u00e2timent, en vue de le rendre accessible par les personnes \u00e0 mobilit\u00e9 r\u00e9duite. Tout sur le contr\u00f4le accessibilit\u00e9 handicap\u00e9. R\u00e9alis\u00e9 par un architecte, une association, un organisme d\u2019\u00c9tat ou un cabinet sp\u00e9cialis\u00e9, le diagnostic accessibilit\u00e9 PMR permet de prendre connaissance de l\u2019\u00e9tat de l\u2019accessibilit\u00e9 d\u2019un b\u00e2timent pour une personne \u00e0 mobilit\u00e9 r\u00e9duite. Il est compl\u00e9t\u00e9 d\u2019une liste de points critiques \u00e0 am\u00e9liorer et de conseils techniques pour cr\u00e9er un lieu PMR compatible. Sommaire Qu\u2019est-ce que le diagnostic accessibilit\u00e9 PMR ? Pourquoi r\u00e9aliser un contr\u00f4le accessibilit\u00e9 handicap\u00e9 ? Qu\u2019est-ce que le diagnostic accessibilit\u00e9 PMR ? Le contr\u00f4le accessibilit\u00e9 handicap\u00e9 est un \u00e9tat des lieux de la conformit\u00e9 d\u2019un bien par rapport \u00e0 la r\u00e9glementation\u00a0accessibilit\u00e9 PMR. Il commence par un\u00a0\u00e9tat des lieux. Toutes les pi\u00e8ces et toutes les composantes techniques sont pass\u00e9es au crible : accessibilit\u00e9 ext\u00e9rieure, \u00e9l\u00e9vateurs ou ascenseurs, portes et couloirs, sanitaires, \u00e9quipements, \u00e9clairage, \u00e9lectricit\u00e9, etc. \u00c0 la suite de cette visite, le diagnostic accessibilit\u00e9 PMR attribue une\u00a0note g\u00e9n\u00e9rale\u00a0: 4 : accessible ave confort d\u2019usage 3 : accessible 2 : accessible avec accompagnement 1 : non accessible sans objet Le document est compl\u00e9t\u00e9 de\u00a0pistes d\u2019am\u00e9liorations\u00a0et toutes les pr\u00e9conisations pour la mise en conformit\u00e9 du bien avec les\u00a0normes PMR\u00a0(Tr\u00e8s nombreux crit\u00e8res, comme par exemple l\u2019installation de rampes, la taille des portes, la hauteur des \u00e9l\u00e9ments, etc.). Prenant en compte les diff\u00e9rents handicaps ce contr\u00f4le accessibilit\u00e9 handicap\u00e9 offre enfin une\u00a0estimation financi\u00e8re\u00a0du co\u00fbt des travaux. Pourquoi r\u00e9aliser un contr\u00f4le accessibilit\u00e9 handicap\u00e9 ? Le diagnostic accessibilit\u00e9 PMR est une d\u00e9marche obligatoire pour les \u00e9tablissements recevant du public (ERP). Il devait \u00eatre r\u00e9alis\u00e9 avant le 31 d\u00e9cembre 2010. Aujourd\u2019hui, il reste n\u00e9cessaire pour toutes les personnes qui r\u00e9novent un b\u00e2timent en vue de\u00a0cr\u00e9er un commerce, un \u00e9tablissement de restauration un local culturel, etc. Il vise \u00e0 ce que toutes les personnes \u00e0 mobilit\u00e9 r\u00e9duite, quel que soit leur handicap, puissent circuler librement et en toute autonomie. Notez \u00e9galement que le diagnostic d\u2019accessibilit\u00e9 est une d\u00e9marche n\u00e9cessaire pour constituer d\u2019un\u00a0dossier de d\u00e9rogation. Les d\u00e9rogations sont pr\u00e9vues si les travaux techniques sont impossibles \u00e0 r\u00e9aliser, \u00e0 cause de la situation physique du local, par les caract\u00e9ristiques du terrain ou la pr\u00e9sence de constructions existantes, par exemple. De m\u00eame, en pr\u00e9sence d\u2019un patrimoine architectural ou urbain, notamment de b\u00e2timents class\u00e9s, il est possible de demander une d\u00e9rogation. Que les travaux concernent l\u2019habitation en question ou un autre b\u00e2timent situ\u00e9 \u00e0 proximit\u00e9 imm\u00e9diate. La d\u00e9rogation la plus fr\u00e9quemment demand\u00e9e invoque une\u00a0disproportion manifeste entre l\u2019am\u00e9lioration pr\u00e9vue et les cons\u00e9quences, notamment sur l\u2019activit\u00e9 de l\u2019institution ou du fait du co\u00fbt des travaux. Par exemple, si les travaux de mise en accessibilit\u00e9 impliquent une r\u00e9duction significative de l\u2019espace ou si les \u00e9quipements n\u00e9cessaires encombrent un espace trop important. Le co\u00fbt des travaux est \u00e9galement un motif de d\u00e9rogation valable, s\u2019il entra\u00eene une menace sur l\u2019activit\u00e9, le d\u00e9m\u00e9nagement voire la fermeture de l\u2019entreprise. Enfin, dans le cadre d\u2019une copropri\u00e9t\u00e9 d\u2019un b\u00e2timent \u00e0 usage principal d\u2019habitation, les copropri\u00e9taires peuvent s\u2019opposer \u00e0 la r\u00e9alisation de travaux de mise en conformit\u00e9 Dans la m\u00eame cat\u00e9gorie Normes de largeur de porte PMR et couloir pour handicap\u00e9 Installer un rampe PMR Normes PMR : toutes les informations \u00e0 conna\u00eetre Les 5 r\u00e8gles d\u2019un \u00e9l\u00e9vateur PMR<\/p>\n","protected":false},"author":1,"featured_media":0,"parent":0,"menu_order":0,"comment_status":"closed","ping_status":"closed","template":"elementor_header_footer","meta":{"_eb_attr":"","footnotes":""},"class_list":["post-20686","page","type-page","status-publish","hentry"],"_links":{"self":[{"href":"https:\/\/handibat.fr\/index.php\/wp-json\/wp\/v2\/pages\/20686","targetHints":{"allow":["GET"]}}],"collection":[{"href":"https:\/\/handibat.fr\/index.php\/wp-json\/wp\/v2\/pages"}],"about":[{"href":"https:\/\/handibat.fr\/index.php\/wp-json\/wp\/v2\/types\/page"}],"author":[{"embeddable":true,"href":"https:\/\/handibat.fr\/index.php\/wp-json\/wp\/v2\/users\/1"}],"replies":[{"embeddable":true,"href":"https:\/\/handibat.fr\/index.php\/wp-json\/wp\/v2\/comments?post=20686"}],"version-history":[{"count":10,"href":"https:\/\/handibat.fr\/index.php\/wp-json\/wp\/v2\/pages\/20686\/revisions"}],"predecessor-version":[{"id":22886,"href":"https:\/\/handibat.fr\/index.php\/wp-json\/wp\/v2\/pages\/20686\/revisions\/22886"}],"wp:attachment":[{"href":"https:\/\/handibat.fr\/index.php\/wp-json\/wp\/v2\/media?parent=20686"}],"curies":[{"name":"wp","href":"https:\/\/api.w.org\/{rel}","templated":true}]}}