{"id":25796,"date":"2024-12-10T14:38:13","date_gmt":"2024-12-10T13:38:13","guid":{"rendered":"https:\/\/handibat.fr\/?page_id=25796"},"modified":"2024-12-20T09:35:14","modified_gmt":"2024-12-20T08:35:14","slug":"nos-realisations","status":"publish","type":"page","link":"https:\/\/handibat.fr\/index.php\/nos-realisations\/","title":{"rendered":"Nos R\u00e9alisations"},"content":{"rendered":"\t\t<div data-elementor-type=\"wp-page\" data-elementor-id=\"25796\" class=\"elementor elementor-25796\">\n\t\t\t\t<div class=\"elementor-element elementor-element-3aec0aa e-flex e-con-boxed wpr-particle-no wpr-jarallax-no wpr-parallax-no wpr-sticky-section-no e-con e-parent\" data-id=\"3aec0aa\" data-element_type=\"container\">\n\t\t\t\t\t<div class=\"e-con-inner\">\n\t\t\t\t<div class=\"elementor-element elementor-element-927f20c elementor-widget elementor-widget-heading\" data-id=\"927f20c\" data-element_type=\"widget\" data-widget_type=\"heading.default\">\n\t\t\t\t<div class=\"elementor-widget-container\">\n\t\t\t<h1 class=\"elementor-heading-title elementor-size-default\">Nos R\u00e9alisations<\/h1>\t\t<\/div>\n\t\t\t\t<\/div>\n\t\t\t\t<div class=\"elementor-element elementor-element-f57dbed elementor-widget-divider--view-line elementor-widget elementor-widget-divider\" data-id=\"f57dbed\" data-element_type=\"widget\" data-widget_type=\"divider.default\">\n\t\t\t\t<div class=\"elementor-widget-container\">\n\t\t\t\t\t<div class=\"elementor-divider\">\n\t\t\t<span class=\"elementor-divider-separator\">\n\t\t\t\t\t\t<\/span>\n\t\t<\/div>\n\t\t\t\t<\/div>\n\t\t\t\t<\/div>\n\t\t\t\t<div class=\"elementor-element elementor-element-929522f elementor-widget elementor-widget-shortcode\" data-id=\"929522f\" data-element_type=\"widget\" data-widget_type=\"shortcode.default\">\n\t\t\t\t<div class=\"elementor-widget-container\">\n\t\t\t\t\t<div class=\"elementor-shortcode\"><!DOCTYPE html>\r\n<html lang=\"fr\">\r\n<head>\r\n    <meta charset=\"UTF-8\">\r\n      <style>\r\n       .blog-grid {\r\n            display: grid;\r\n            grid-template-columns: repeat(3, 1fr);\r\n            gap: 20px;\r\n            max-width: 1200px;\r\n            margin: 0 auto;\r\n            padding: 20px;\r\n        }\r\n\t\t  @media (max-width: 767px){\r\n\t\t\t  .blog-grid {\r\n            display: grid;\r\n            grid-template-columns: 1fr; \/* Change to single column for mobile *\/\r\n            gap: 20px;\r\n            \/*max-width: 1200px;*\/\r\n            margin: 0 auto;\r\n            padding: 20px;;\r\n        \t}\r\n\t\t  }\r\n       .blog-card {\r\n            border: 1px solid #e0e0e0;\r\n            border-radius: 8px;\r\n            overflow: hidden;\r\n            transition: transform 0.3s ease;\r\n            box-shadow: 0 4px 6px rgba(0,0,0,0.1);\r\n        }\r\n\/*\r\n        .blog-card:hover {\r\n            transform: scale(1.05);\r\n        }\r\n*\/\r\n        .blog-card img {\r\n            width: 100%;\r\n            height: 250px;\r\n            object-fit: cover;\r\n        }\r\n\r\n        .blog-card-content {\r\n            padding: 15px;\r\n        }\r\n\r\n        .blog-card-title {\r\n            font-size: 1.1rem;\r\n            margin-bottom: 10px;\r\n            display: -webkit-box;\r\n            -webkit-line-clamp: 2;\r\n            -webkit-box-orient: vertical;\r\n            overflow: hidden;\r\n        }\r\n\r\n        .blog-card-link {\r\n            display: flex;\r\n            justify-content: flex-end;\r\n            align-items: center;\r\n            color: #3b82f6;\r\n            text-decoration: none;\r\n        }\r\n\r\n        .pagination {\r\n            display: flex;\r\n            justify-content: center;\r\n            margin-top: 20px;\r\n            gap: 10px;\r\n        }\r\n\r\n        .pagination button {\r\n            padding: 8px 12px;\r\n            border: 1px solid #e0e0e0;\r\n            background-color: white;\r\n            cursor: pointer;\r\n            transition: all 0.3s ease;\r\n\t\t\tborder-radius: 10px 0;\r\n        }\r\n\r\n        .pagination button:hover {\r\n            background-color: #FDB734;\r\n        }\r\n\r\n        .pagination button.active {\r\n            background-color: #FDB734;\r\n            color: white;\r\n        }\r\n\r\n        .pagination button:disabled {\r\n            opacity: 0.5;\r\n            cursor: not-allowed;\r\n        }\r\n\t  \r\n    <\/style>\r\n<\/head>\r\n<body>\r\n    <div id=\"blogGrid\" class=\"blog-grid\"><\/div>\r\n    <div id=\"pagination\" class=\"pagination\"><\/div>\r\n\r\n    <script>\r\n        \/\/ Donn\u00e9es de blog avec titres, images et liens\r\n        const blogData = [\r\n            \/\/Extension\r\n\t\t\t{\r\n                title: \"Extension de maison en bois dans les Landes (40)\",\r\n                image: \"https:\/\/handibat.fr\/wp-content\/uploads\/2024\/12\/rep20-01-piece-vie-exterieur-328x455-c-center.webp\",\r\n                link: \"https:\/\/handibat.fr\/index.php\/extension-maison-bois-landes-40\/\"\r\n            },\r\n\t\t\t{\r\n                title: \"Extension de maison en bois \u00e0 Rouen (76)\",\r\n                image: \"https:\/\/handibat.fr\/wp-content\/uploads\/2024\/12\/rep22-03-facade-328x455-c-center.webp\",\r\n                link: \"https:\/\/handibat.fr\/index.php\/extension-maison-bois-rouen-76\/\"\r\n            },\r\n\t\t\t{\r\n                title: \"Extension de maison en bois \u00e0 La Rochelle (17)\",\r\n                image: \"https:\/\/handibat.fr\/wp-content\/uploads\/2024\/12\/rep42-01-328x455-c-center.webp\",\r\n                link: \"https:\/\/handibat.fr\/index.php\/extension-maison-bois-la-rochelle-17\/\"\r\n            },\r\n\t\t\t{\r\n                title: \"Extension d\u2019une maison \u00e0 Lorient (56)\",\r\n                image: \"https:\/\/handibat.fr\/wp-content\/uploads\/2024\/12\/extension-maison-lorient-56-1.jpg\",\r\n                link: \"https:\/\/handibat.fr\/index.php\/extension-maison-lorient-56\/\"\r\n            },\r\n\t\t\t{\r\n                title: \"Extension d\u2019une maison de vacances en Charente-Maritime (17)\",\r\n                image: \"https:\/\/handibat.fr\/wp-content\/uploads\/2024\/12\/rep38-01-328x455-c-center.webp\",\r\n                link: \"https:\/\/handibat.fr\/index.php\/extension-maison-vacances-charente-maritime-17\/\"\r\n            },\r\n\t\t\t\/\/\r\n\t\t\t{\r\n                title: \"Extension d\u2019une maison contemporaine \u00e0 Nancy (54)\",\r\n                image: \"https:\/\/handibat.fr\/wp-content\/uploads\/2024\/12\/rep41-01-328x455-c-center.webp\",\r\n                link: \"https:\/\/handibat.fr\/index.php\/extension-maison-contemporaine-nancy-54\/\"\r\n            },\r\n\t\t\t\r\n\t\t\t{\r\n                title: \"Extension d\u2019une maison \u00e0 Bergerac (24)\",\r\n                image: \"https:\/\/handibat.fr\/wp-content\/uploads\/2024\/12\/rep44-01-328x455-c-center.webp\",\r\n                link: \"https:\/\/handibat.fr\/index.php\/extension-maison-bergerac-24\/\"\r\n            },\r\n\t\t\t{\r\n                title: \"Extension en v\u00e9randa \u00e0 Poitiers (86)\",\r\n                image: \"https:\/\/handibat.fr\/wp-content\/uploads\/2024\/12\/001-328x455-c-center.webp\",\r\n                link: \"https:\/\/handibat.fr\/index.php\/extension-veranda-poitiers-86\/\"\r\n            },\r\n\t\t\t{\r\n                title: \"Extension d\u2019une maison en bois en Sa\u00f4ne-et-Loire (71)\",\r\n                image: \"https:\/\/handibat.fr\/wp-content\/uploads\/2024\/12\/une-extension-bois-originale-328x455-c-center.webp\",\r\n                link: \"https:\/\/handibat.fr\/index.php\/extension-maison-bois-saone-et-loire-71\/\"\r\n            },\r\n\t\t\t{\r\n                title: \"Extension de maison en bois \u00e0 Niort (79)\",\r\n                image: \"https:\/\/handibat.fr\/wp-content\/uploads\/2024\/12\/extension-maison-bois-niort-328x455-c-center.webp\",\r\n                link: \"https:\/\/handibat.fr\/index.php\/extension-maison-bois-niort-79\/\"\r\n            },\r\n\t\t\t{\r\n                title: \"Extension d\u2019une maison en ossature bois en Haute-Garonne (31)\",\r\n                image: \"https:\/\/handibat.fr\/wp-content\/uploads\/2024\/12\/rep57-gasc24-328x455-c-center.webp\",\r\n                link: \"https:\/\/handibat.fr\/index.php\/extension-maison-ossature-bois-haute-garonne-31\/\"\r\n            },\r\n\t\t\t{\r\n                title: \"Extension d\u2019une maison en bois \u00e0 Belfort (90)\",\r\n                image: \"https:\/\/handibat.fr\/wp-content\/uploads\/2024\/12\/rep47-07-328x455-c-center.webp\",\r\n                link: \"https:\/\/handibat.fr\/index.php\/extension-maison-bois-belfort-90\/\"\r\n            },\r\n\t\t\t{\r\n                title: \"Extension en bois d\u2019une maison en Gironde (33)\",\r\n                image: \"https:\/\/handibat.fr\/wp-content\/uploads\/2024\/12\/rep05-cam-07-328x455-c-center.webp\",\r\n                link: \"https:\/\/handibat.fr\/index.php\/extension-bois-maison-gironde-33\/\"\r\n            },\r\n\t\t\t{\r\n                title: \"Extension de maison en bois en Indre et Loire (37)\",\r\n                image: \"https:\/\/handibat.fr\/wp-content\/uploads\/2024\/12\/rep07-01-328x455-c-center.webp\",\r\n                link: \"https:\/\/handibat.fr\/index.php\/extension-maison-bois-indre-et-loire-37\/\"\r\n            },\r\n\t\t\t{\r\n                title: \"Extension maison bois Reims (51)\",\r\n                image: \"https:\/\/handibat.fr\/wp-content\/uploads\/2024\/12\/rep19-01-extension-integree-328x455-c-center.webp\",\r\n                link: \"https:\/\/handibat.fr\/index.php\/extension-bois-maison-reims-51\/\"\r\n            },\r\n\t\t\t{\r\n                title: \"Extension de garage \u00e0 Bordeaux (33)\",\r\n                image: \"https:\/\/handibat.fr\/wp-content\/uploads\/2024\/12\/transformation-dune-grange-bordelaise-en-habitation-328x455-c-center.webp\",\r\n                link: \"https:\/\/handibat.fr\/index.php\/creation-extension-garage-bordeaux-33\/\"\r\n            },\r\n\t\t\t\r\n\t\t\t\/\/Amenagement\r\n\t\t\t{\r\n                title: \"Construction de garage \u00e0 N\u00eemes (30)\",\r\n                image: \"https:\/\/handibat.fr\/wp-content\/uploads\/2024\/12\/construction-garage-toit-plat-A-nimes-328x455-c-center.webp\",\r\n                link: \"https:\/\/handibat.fr\/index.php\/construction-garage-nimes-30\/\"\r\n            },\r\n\t\t\t{\r\n                title: \"Am\u00e9nagement int\u00e9rieur \u00e0 Toulouse(31)\",\r\n                image: \"https:\/\/handibat.fr\/wp-content\/uploads\/2024\/12\/amA\u00a9nagement-intA\u00a9rieur-dune-maison-A-toulouse-328x455-c-center.webp\",\r\n                link: \"https:\/\/handibat.fr\/index.php\/amenagement-interieur-toulouse31\/\"\r\n            },\r\n\t\t\t\r\n\t\t\t{\r\n                title: \"Am\u00e9nagement maison Deux-S\u00e8vres(79)\",\r\n                image: \"https:\/\/handibat.fr\/wp-content\/uploads\/2024\/12\/effet-de-profondeur-pour-un-salon-cuisine-328x455-c-center.webp\",\r\n                link: \"https:\/\/handibat.fr\/index.php\/amenagement-maison-deux-sevres79\/\"\r\n            },\r\n\t\t\t\/\/Am\u00e9nagement maison Loire Atlantique(44)\r\n\t\t\t{\r\n                title: \"Am\u00e9nagement maison Loire Atlantique(44)\",\r\n                image: \"https:\/\/handibat.fr\/wp-content\/uploads\/2024\/12\/rep46-05-328x455-c-center.webp\",\r\n                link: \"https:\/\/handibat.fr\/index.php\/amenagement-maison-loire-atlantique44\/\"\r\n            },\r\n\t\t\t{\r\n                title: \"Am\u00e9nagement maison Landes(40) \",\r\n                image: \"https:\/\/handibat.fr\/wp-content\/uploads\/2024\/12\/rep25-01-328x455-c-center.webp\",\r\n                link: \"https:\/\/handibat.fr\/index.php\/amenagement-maison-landes40\/\"\r\n            },\r\n\t\t\t{\r\n                title: \"Am\u00e9nagement maison Charente Maritime (17) \",\r\n                image: \"https:\/\/handibat.fr\/wp-content\/uploads\/2024\/12\/rep30-01-328x455-c-center.webp\",\r\n                link: \"https:\/\/handibat.fr\/index.php\/amenagement-maison-vacances-charente-maritime-17\/\"\r\n            },\r\n\t\t\t{\r\n                title: \"Am\u00e9nagement maison Yvelines (78) \",\r\n                image: \"https:\/\/handibat.fr\/wp-content\/uploads\/2024\/12\/rep45-01-328x455-c-center.webp\",\r\n                link: \"https:\/\/handibat.fr\/index.php\/amenagement-maison-yvelines-78\/\"\r\n            },\r\n\t\t\t{\r\n                title: \"Extension maison \u00e0 Bayonne (64)\",\r\n                image: \"https:\/\/handibat.fr\/wp-content\/uploads\/2024\/12\/extension-maison-pyrenees-atlantiques-328x455-c-center.webp\",\r\n                link: \"https:\/\/handibat.fr\/index.php\/extension-maison-bayonne-64\/\"\r\n            },\r\n\t\t\t{\r\n                title: \"Extension maison \u00e0 Vannes (56)\",\r\n                image: \"https:\/\/handibat.fr\/wp-content\/uploads\/2024\/12\/extension-maison-vannes-287x399-c-center.webp\",\r\n                link: \"https:\/\/handibat.fr\/index.php\/extension-maison-a-vannes-56\/\"\r\n            },\r\n\t\t\t\r\n\t\t\t{\r\n                title: \"Extension maison Gard (30)\",\r\n                image: \"https:\/\/handibat.fr\/wp-content\/uploads\/2024\/12\/extension-maison-gard-287x399-c-center.webp\",\r\n                link: \"https:\/\/handibat.fr\/index.php\/extension-maison-gard-30\/\"\r\n            },\r\n\t\t\t{\r\n                title: \"Extension maison Quimper (29)\",\r\n                image: \"https:\/\/handibat.fr\/wp-content\/uploads\/2024\/12\/extension-maison-gard-287x399-c-center.webp\",\r\n                link: \"https:\/\/handibat.fr\/index.php\/extension-maison-quimper-29\/\"\r\n            },\r\n\t\t\t\r\n\t\t\t{\r\n\t\t\t\ttitle: \"Extension maison Cotes d Armor (22)\",\r\n\t\t\t\timage:\"https:\/\/handibat.fr\/wp-content\/uploads\/2024\/12\/extension-maison-cote-darmor-328x455-c-center.webp\",\r\n\t\t\t\tlink:\"https:\/\/handibat.fr\/index.php\/extension-maison-cotes-d-armor-22\/\"\t\t\t\r\n\t\t\t},\r\n\t\t\t{\r\n\t\t\t\ttitle: \"Extension maison Troyes (10)\",\r\n\t\t\t\timage:\"https:\/\/handibat.fr\/wp-content\/uploads\/2024\/12\/extension-maison-troyes-328x455-c-center.webp\",\r\n\t\t\t\tlink:\"https:\/\/handibat.fr\/index.php\/extension-maison-troyes-10\/\"\t\t\t\r\n\t\t\t},\r\n\t\t\t\/\/ \r\n\t\t\t{\r\n\t\t\t\ttitle: \"Extension maison \u00e0 Versailles (78)\",\r\n\t\t\t\timage:\"https:\/\/handibat.fr\/wp-content\/uploads\/2024\/12\/55-03-328x455-c-center.webp\",\r\n\t\t\t\tlink:\"https:\/\/handibat.fr\/index.php\/extension-maison-versailles-78\/\"\t\t\t\r\n\t\t\t},\r\n\t\t\t{\r\n\t\t\t\ttitle: \"Agrandissement maison Vienne (86)\",\r\n\t\t\t\timage:\"https:\/\/handibat.fr\/wp-content\/uploads\/2024\/12\/rep54-01-328x455-c-center.webp\",\r\n\t\t\t\tlink:\"https:\/\/handibat.fr\/index.php\/agrandissement-maison-vienne-86\/\"\t\t\t\r\n\t\t\t},\r\n\t\t\t{\r\n\t\t\t\ttitle: \"Extension maison Vienne (86)\",\r\n\t\t\t\timage:\"https:\/\/handibat.fr\/wp-content\/uploads\/2024\/12\/rep18-02-espace-ouvert-287x399-c-center.webp\",\r\n\t\t\t\tlink:\"https:\/\/handibat.fr\/index.php\/extension-maison-vienne-86\/\"\t\t\t\r\n\t\t\t},\r\n\t\t\t{\r\n\t\t\t\ttitle: \"Extension maison secondaire Charente Maritime (17)\",\r\n\t\t\t\timage:\"https:\/\/handibat.fr\/wp-content\/uploads\/2024\/12\/rep21-01-tradition-328x455-c-center.webp\",\r\n\t\t\t\tlink:\"https:\/\/handibat.fr\/index.php\/extension-maison-secondaire-charente-maritime-17\/\"\t\t\t\r\n\t\t\t},\r\n\t\t\t{\r\n\t\t\t\ttitle: \"Extension maison Saint Nazaire (44)\",\r\n\t\t\t\timage:\"https:\/\/handibat.fr\/wp-content\/uploads\/2024\/12\/rep28-03-328x455-c-center.webp\",\r\n\t\t\t\tlink:\"https:\/\/handibat.fr\/index.php\/extension-maison-saint-nazaire-44\/\"\t\t\t\r\n\t\t\t},\r\n\t\t\t{\r\n\t\t\t\ttitle: \"R\u00e9novation d\u2019une maison traditionnelle \u00e0 Cahors (46)\",\r\n\t\t\t\timage:\"https:\/\/handibat.fr\/wp-content\/uploads\/2024\/12\/vignette-328x455enter.webp\",\r\n\t\t\t\tlink:\"https:\/\/handibat.fr\/index.php\/renovation-maison-traditionnelle-cahors-46\/\"\t\t\t\r\n\t\t\t},\r\n\t\t\t{\r\n\t\t\t\ttitle: \"R\u00e9novation int\u00e9rieure maison Toulouse (31) \",\r\n\t\t\t\timage:\"https:\/\/handibat.fr\/wp-content\/uploads\/2024\/12\/vignette-328x455-c-center.webp\",\r\n\t\t\t\tlink:\"https:\/\/handibat.fr\/index.php\/renovation-interieure-maison-toulouse-31\/\"\t\t\t\r\n\t\t\t},\r\n\t\t\t{\r\n\t\t\t\ttitle: \"R\u00e9novation d\u2019une fa\u00e7ade \u00e0 Aix-en-Provence (13) \",\r\n\t\t\t\timage:\"https:\/\/handibat.fr\/wp-content\/uploads\/2024\/12\/vignette-328x455-center.webp\",\r\n\t\t\t\tlink:\"https:\/\/handibat.fr\/index.php\/renovation-facade-aix-en-provence-13\/\"\t\t\t\r\n\t\t\t},\r\n\t\t\t{\r\n\t\t\t\ttitle: \"R\u00e9novation d\u2019une cuisine en Haute-Savoie (74)  \",\r\n\t\t\t\timage:\"https:\/\/handibat.fr\/wp-content\/uploads\/2024\/12\/vignette-328x455center.webp\",\r\n\t\t\t\tlink:\"https:\/\/handibat.fr\/index.php\/renovation-cuisine-haute-savoie-74\/\"\t\t\t\r\n\t\t\t},\r\n\t\t\t{\r\n\t\t\t\ttitle: \"R\u00e9novation maison Annecy (74)\",\r\n\t\t\t\timage:\"https:\/\/handibat.fr\/wp-content\/uploads\/2024\/12\/vignette-328x455enter.webp\",\r\n\t\t\t\tlink:\"https:\/\/handibat.fr\/index.php\/renovation-maison-annecy-74\/\"\t\t\t\r\n\t\t\t},\r\n\r\n\t\t\t{\r\n\t\t\t\ttitle: \"R\u00e9novation maison Plaisance-du-Touch (31) \",\r\n\t\t\t\timage:\"https:\/\/handibat.fr\/wp-content\/uploads\/2024\/12\/vignette-328x455-c-center.webp\",\r\n\t\t\t\tlink:\"https:\/\/handibat.fr\/index.php\/renovation-maison-plaisance-du-touch-31\/\"\t\t\t\r\n\t\t\t},\r\n\t\t\t{\r\n\t\t\t\ttitle: \"R\u00e9novation maison Fouras (17) \",\r\n\t\t\t\timage:\"https:\/\/handibat.fr\/wp-content\/uploads\/2024\/12\/renovation-maison-fouras-17-11-1.jpg\",\r\n\t\t\t\tlink:\"https:\/\/handibat.fr\/index.php\/renovation-maison-fouras-17\/\"\t\t\t\r\n\t\t\t},\r\n\t\t\t{\r\n\t\t\t\ttitle: \"R\u00e9novation maison Saint-Cl\u00e9ment-des-Baleines (17)  \",\r\n\t\t\t\timage:\"https:\/\/handibat.fr\/wp-content\/uploads\/2024\/12\/renovation-maison-fouras-17-11-1.jpg\",\r\n\t\t\t\tlink:\"https:\/\/handibat.fr\/index.php\/renovation-maison-saint-clement-des-baleines-17\/\"\t\t\t\r\n\t\t\t},\r\n\t\t\t{\r\n\t\t\t\ttitle: \"R\u00e9novation maison Abbeville (80)  \",\r\n\t\t\t\timage:\"https:\/\/handibat.fr\/wp-content\/uploads\/2024\/12\/renovation-maison-fouras-17-11-1.jpg\",\r\n\t\t\t\tlink:\"https:\/\/handibat.fr\/index.php\/renovation-maison-abbeville-80\/\"\t\t\t\r\n\t\t\t},\r\n\t\t\t{\r\n\t\t\t\ttitle: \"R\u00e9novation de d\u00e9pendance \u00e0 Al\u00e8s (30)   \",\r\n\t\t\t\timage:\"https:\/\/handibat.fr\/wp-content\/uploads\/2024\/12\/renovation-maison-fouras-17-11-1.jpg\",\r\n\t\t\t\tlink:\"https:\/\/handibat.fr\/index.php\/renovation-de-dependance-a-ales-30\/\"\t\t\t\r\n\t\t\t},{\r\n\t\t\t\ttitle: \"R\u00e9novation maison au Grau-du-Roi (30)    \",\r\n\t\t\t\timage:\"https:\/\/handibat.fr\/wp-content\/uploads\/2024\/12\/renovation-maison-fouras-17-11-1.jpg\",\r\n\t\t\t\tlink:\"https:\/\/handibat.fr\/index.php\/renovation-maison-au-grau-du-roi-30\/\"\t\t\t\r\n\t\t\t},\r\n\t\t\t\/\/ Ajoutez ou modifiez les entr\u00e9es ici\r\n            \/\/ Assurez-vous d'avoir 47 entr\u00e9es au total\r\n            \/\/ ... (autres entr\u00e9es)\r\n        ];\r\n\r\n        \/\/ Compl\u00e9tez le tableau jusqu'\u00e0 45 \u00e9l\u00e9ments si n\u00e9cessaire\r\n        while (blogData.length < 45) {\r\n            blogData.push({\r\n                title: \"Nos R\u00e9alisation\",\r\n                image: \"https:\/\/handibat.fr\/wp-content\/uploads\/2024\/12\/cotes-d-armor.jpg\",\r\n                link: \"#\"\r\n            });\r\n        }\r\n\r\n        const itemsPerPage = 9;\r\n        let currentPage = 1;\r\n\r\n        function renderBlogGrid() {\r\n            const blogGrid = document.getElementById('blogGrid');\r\n            const pagination = document.getElementById('pagination');\r\n            \r\n            \/\/ Calculer les \u00e9l\u00e9ments de la page actuelle\r\n            const startIndex = (currentPage - 1) * itemsPerPage;\r\n            const endIndex = startIndex + itemsPerPage;\r\n            const pageItems = blogData.slice(startIndex, endIndex);\r\n\r\n            \/\/ Vider la grille\r\n            blogGrid.innerHTML = '';\r\n\r\n            \/\/ Cr\u00e9er les cartes de blog\r\n            pageItems.forEach(function(item) {\r\n                const card = document.createElement('div');\r\n                card.className = 'blog-card';\r\n                card.innerHTML = \r\n                    '<a href=\"' + item.link + '\">' +\r\n                        '<img decoding=\"async\" src=\"' + item.image + '\" alt=\"' + item.title + '\">' +\r\n                    '<\/a>' +\r\n                    '<div class=\"blog-card-content\">' +\r\n                        '<h3 class=\"blog-card-title\">' + item.title + '<\/h3>' +\r\n                        '<a href=\"' + item.link + '\" class=\"blog-card-link\">' +\r\n                            ' ' +\r\n                            '<svg xmlns=\"http:\/\/www.w3.org\/2000\/svg\" width=\"24\" height=\"24\" viewBox=\"0 0 24 24\" fill=\"none\" stroke=\"currentColor\" stroke-width=\"2\" stroke-linecap=\"round\" stroke-linejoin=\"round\" style=\"color : #FDB734;\">' +\r\n                                '<path d=\"M5 12h14\"><\/path>' +\r\n                                '<path d=\"M12 5l7 7-7 7\"><\/path>' +\r\n                            '<\/svg>' +\r\n                        '<\/a>' +\r\n                    '<\/div>';\r\n                blogGrid.appendChild(card);\r\n            });\r\n\r\n            \/\/ Cr\u00e9er la pagination\r\n            const totalPages = Math.ceil(blogData.length \/ itemsPerPage);\r\n            pagination.innerHTML = '';\r\n\r\n            \/\/ Bouton pr\u00e9c\u00e9dent\r\n            const prevButton = document.createElement('button');\r\n            prevButton.innerHTML = '&lt;';\r\n            prevButton.disabled = currentPage === 1;\r\n            prevButton.addEventListener('click', function() {\r\n                changePage(currentPage - 1);\r\n            });\r\n            pagination.appendChild(prevButton);\r\n\r\n            \/\/ Boutons de pages\r\n            for (let i = 1; i <= totalPages; i++) {\r\n                const pageButton = document.createElement('button');\r\n                pageButton.textContent = i;\r\n                if (i === currentPage) {\r\n                    pageButton.classList.add('active');\r\n                }\r\n                pageButton.addEventListener('click', function() {\r\n                    changePage(i);\r\n                });\r\n                pagination.appendChild(pageButton);\r\n            }\r\n\r\n            \/\/ Bouton suivant\r\n            const nextButton = document.createElement('button');\r\n            nextButton.innerHTML = '&gt;';\r\n            nextButton.disabled = currentPage === totalPages;\r\n            nextButton.addEventListener('click', function() {\r\n                changePage(currentPage + 1);\r\n            });\r\n            pagination.appendChild(nextButton);\r\n        }\r\n\r\n        function changePage(newPage) {\r\n            currentPage = newPage;\r\n            renderBlogGrid();\r\n        }\r\n\r\n        \/\/ Initialiser la grille\r\n        renderBlogGrid();\r\n    <\/script>\r\n<\/body>\r\n<\/html>\r\n<\/div>\n\t\t\t\t<\/div>\n\t\t\t\t<\/div>\n\t\t\t\t\t<\/div>\n\t\t\t\t<\/div>\n\t\t\t\t<\/div>\n\t\t","protected":false},"excerpt":{"rendered":"<p>Nos R\u00e9alisations<\/p>\n","protected":false},"author":2,"featured_media":0,"parent":0,"menu_order":0,"comment_status":"closed","ping_status":"closed","template":"elementor_header_footer","meta":{"_eb_attr":"","footnotes":""},"class_list":["post-25796","page","type-page","status-publish","hentry"],"_links":{"self":[{"href":"https:\/\/handibat.fr\/index.php\/wp-json\/wp\/v2\/pages\/25796","targetHints":{"allow":["GET"]}}],"collection":[{"href":"https:\/\/handibat.fr\/index.php\/wp-json\/wp\/v2\/pages"}],"about":[{"href":"https:\/\/handibat.fr\/index.php\/wp-json\/wp\/v2\/types\/page"}],"author":[{"embeddable":true,"href":"https:\/\/handibat.fr\/index.php\/wp-json\/wp\/v2\/users\/2"}],"replies":[{"embeddable":true,"href":"https:\/\/handibat.fr\/index.php\/wp-json\/wp\/v2\/comments?post=25796"}],"version-history":[{"count":13,"href":"https:\/\/handibat.fr\/index.php\/wp-json\/wp\/v2\/pages\/25796\/revisions"}],"predecessor-version":[{"id":27414,"href":"https:\/\/handibat.fr\/index.php\/wp-json\/wp\/v2\/pages\/25796\/revisions\/27414"}],"wp:attachment":[{"href":"https:\/\/handibat.fr\/index.php\/wp-json\/wp\/v2\/media?parent=25796"}],"curies":[{"name":"wp","href":"https:\/\/api.w.org\/{rel}","templated":true}]}}