{"id":8161,"date":"2024-08-13T09:15:33","date_gmt":"2024-08-13T07:15:33","guid":{"rendered":"https:\/\/handibat.fr\/?page_id=8161"},"modified":"2024-11-08T23:39:22","modified_gmt":"2024-11-08T22:39:22","slug":"qui-sommes-nous","status":"publish","type":"page","link":"https:\/\/handibat.fr\/index.php\/qui-sommes-nous\/","title":{"rendered":"Qui sommes-nous ?"},"content":{"rendered":"\t\t<div data-elementor-type=\"wp-page\" data-elementor-id=\"8161\" class=\"elementor elementor-8161\">\n\t\t\t\t<div class=\"elementor-element elementor-element-b130971 e-flex e-con-boxed wpr-particle-no wpr-jarallax-no wpr-parallax-no wpr-sticky-section-no e-con e-parent\" data-id=\"b130971\" data-element_type=\"container\">\n\t\t\t\t\t<div class=\"e-con-inner\">\n\t\t\t\t<div class=\"elementor-element elementor-element-a394d9f elementor-widget elementor-widget-heading\" data-id=\"a394d9f\" data-element_type=\"widget\" data-widget_type=\"heading.default\">\n\t\t\t\t<div class=\"elementor-widget-container\">\n\t\t\t<h1 class=\"elementor-heading-title elementor-size-default\">Qui sommes-nous ?<\/h1>\t\t<\/div>\n\t\t\t\t<\/div>\n\t\t\t\t<div class=\"elementor-element elementor-element-b9449fe elementor-widget elementor-widget-image\" data-id=\"b9449fe\" data-element_type=\"widget\" data-widget_type=\"image.default\">\n\t\t\t\t<div class=\"elementor-widget-container\">\n\t\t\t\t\t\t\t\t\t\t\t\t\t<img decoding=\"async\" width=\"313\" height=\"10\" src=\"https:\/\/handibat.fr\/wp-content\/uploads\/2024\/08\/Screenshot-2024-08-12-at-17-13-44-Politique-de-confidentialite-Camif-Habitat.png\" class=\"attachment-full size-full wp-image-8163\" alt=\"\" srcset=\"https:\/\/handibat.fr\/wp-content\/uploads\/2024\/08\/Screenshot-2024-08-12-at-17-13-44-Politique-de-confidentialite-Camif-Habitat.png 313w, https:\/\/handibat.fr\/wp-content\/uploads\/2024\/08\/Screenshot-2024-08-12-at-17-13-44-Politique-de-confidentialite-Camif-Habitat-300x10.png 300w\" sizes=\"(max-width: 313px) 100vw, 313px\" \/>\t\t\t\t\t\t\t\t\t\t\t\t\t<\/div>\n\t\t\t\t<\/div>\n\t\t\t\t\t<\/div>\n\t\t\t\t<\/div>\n\t\t<div class=\"elementor-element elementor-element-4c4fe07 e-flex e-con-boxed wpr-particle-no wpr-jarallax-no wpr-parallax-no wpr-sticky-section-no e-con e-parent\" data-id=\"4c4fe07\" data-element_type=\"container\">\n\t\t\t\t\t<div class=\"e-con-inner\">\n\t\t\t\t<div class=\"elementor-element elementor-element-7e7f7f4 elementor-widget elementor-widget-heading\" data-id=\"7e7f7f4\" data-element_type=\"widget\" data-widget_type=\"heading.default\">\n\t\t\t\t<div class=\"elementor-widget-container\">\n\t\t\t<h3 class=\"elementor-heading-title elementor-size-default\">L\u2019\u00e9volution de Handibain depuis sa cr\u00e9ation <\/h3>\t\t<\/div>\n\t\t\t\t<\/div>\n\t\t\t\t<div class=\"elementor-element elementor-element-83e2aeb elementor-widget elementor-widget-image\" data-id=\"83e2aeb\" data-element_type=\"widget\" data-widget_type=\"image.default\">\n\t\t\t\t<div class=\"elementor-widget-container\">\n\t\t\t\t\t\t\t\t\t\t\t\t\t<img decoding=\"async\" width=\"313\" height=\"10\" src=\"https:\/\/handibat.fr\/wp-content\/uploads\/2024\/08\/Screenshot-2024-08-12-at-17-13-44-Politique-de-confidentialite-Camif-Habitat.png\" class=\"attachment-full size-full wp-image-8163\" alt=\"\" srcset=\"https:\/\/handibat.fr\/wp-content\/uploads\/2024\/08\/Screenshot-2024-08-12-at-17-13-44-Politique-de-confidentialite-Camif-Habitat.png 313w, https:\/\/handibat.fr\/wp-content\/uploads\/2024\/08\/Screenshot-2024-08-12-at-17-13-44-Politique-de-confidentialite-Camif-Habitat-300x10.png 300w\" sizes=\"(max-width: 313px) 100vw, 313px\" \/>\t\t\t\t\t\t\t\t\t\t\t\t\t<\/div>\n\t\t\t\t<\/div>\n\t\t\t\t<div class=\"elementor-element elementor-element-5586efd elementor-widget elementor-widget-image\" data-id=\"5586efd\" data-element_type=\"widget\" data-widget_type=\"image.default\">\n\t\t\t\t<div class=\"elementor-widget-container\">\n\t\t\t\t\t\t\t\t\t\t\t\t\t<img decoding=\"async\" src=\"https:\/\/handibat.fr\/wp-content\/uploads\/elementor\/thumbs\/handibat_siege-22lr8k0g4u734dvuhr3jcdpf7viyl0gn014ri92k06o0.jpg\" title=\"handibat_siege\" alt=\"handibat_siege\" loading=\"lazy\" \/>\t\t\t\t\t\t\t\t\t\t\t\t\t<\/div>\n\t\t\t\t<\/div>\n\t\t<div class=\"elementor-element elementor-element-d010b44 e-con-full e-flex wpr-particle-no wpr-jarallax-no wpr-parallax-no wpr-sticky-section-no e-con e-child\" data-id=\"d010b44\" data-element_type=\"container\">\n\t\t<div class=\"elementor-element elementor-element-e2b6f42 e-con-full e-flex wpr-particle-no wpr-jarallax-no wpr-parallax-no wpr-sticky-section-no e-con e-child\" data-id=\"e2b6f42\" data-element_type=\"container\">\n\t\t\t\t<div class=\"elementor-element elementor-element-ccb698f elementor-widget elementor-widget-heading\" data-id=\"ccb698f\" data-element_type=\"widget\" data-widget_type=\"heading.default\">\n\t\t\t\t<div class=\"elementor-widget-container\">\n\t\t\t<h3 class=\"elementor-heading-title elementor-size-default\">Des avantages concurrentiels<\/h3>\t\t<\/div>\n\t\t\t\t<\/div>\n\t\t\t\t<div class=\"elementor-element elementor-element-3a821cb elementor-widget elementor-widget-image\" data-id=\"3a821cb\" data-element_type=\"widget\" data-widget_type=\"image.default\">\n\t\t\t\t<div class=\"elementor-widget-container\">\n\t\t\t\t\t\t\t\t\t\t\t\t\t<img decoding=\"async\" width=\"313\" height=\"10\" src=\"https:\/\/handibat.fr\/wp-content\/uploads\/2024\/08\/Screenshot-2024-08-12-at-17-13-44-Politique-de-confidentialite-Camif-Habitat.png\" class=\"attachment-full size-full wp-image-8163\" alt=\"\" srcset=\"https:\/\/handibat.fr\/wp-content\/uploads\/2024\/08\/Screenshot-2024-08-12-at-17-13-44-Politique-de-confidentialite-Camif-Habitat.png 313w, https:\/\/handibat.fr\/wp-content\/uploads\/2024\/08\/Screenshot-2024-08-12-at-17-13-44-Politique-de-confidentialite-Camif-Habitat-300x10.png 300w\" sizes=\"(max-width: 313px) 100vw, 313px\" \/>\t\t\t\t\t\t\t\t\t\t\t\t\t<\/div>\n\t\t\t\t<\/div>\n\t\t\t\t<div class=\"elementor-element elementor-element-f7d809a elementor-widget elementor-widget-text-editor\" data-id=\"f7d809a\" data-element_type=\"widget\" data-widget_type=\"text-editor.default\">\n\t\t\t\t<div class=\"elementor-widget-container\">\n\t\t\t\t\t\t\t<p>Sa volont\u00e9 de satisfaire au mieux ses clients a fait na\u00eetre un certain nombre d\u2019atouts qui concourent \u00e0 identifier et positionner l\u2019entreprise dans l\u2019univers du b\u00e2timent de fa\u00e7on incontestable et p\u00e9renne.<\/p>\t\t\t\t\t\t<\/div>\n\t\t\t\t<\/div>\n\t\t\t\t<div class=\"elementor-element elementor-element-00d215c elementor-widget elementor-widget-heading\" data-id=\"00d215c\" data-element_type=\"widget\" data-widget_type=\"heading.default\">\n\t\t\t\t<div class=\"elementor-widget-container\">\n\t\t\t<h4 class=\"elementor-heading-title elementor-size-default\">Une parfaite transparence sur les garanties<\/h4>\t\t<\/div>\n\t\t\t\t<\/div>\n\t\t\t\t<div class=\"elementor-element elementor-element-603e360 elementor-widget elementor-widget-text-editor\" data-id=\"603e360\" data-element_type=\"widget\" data-widget_type=\"text-editor.default\">\n\t\t\t\t<div class=\"elementor-widget-container\">\n\t\t\t\t\t\t\t<p>En plus des garanties sur les prix et la livraison dans les d\u00e9lais impartis, Handibain a souscrit des <strong>contrats d\u2019assurance pour couvrir ses responsabilit\u00e9s.<\/strong><\/p><p>De m\u00eame, les<a style=\"color: #fdb734;\" href=\"https:\/\/handibat.fr\/index.php\/maitre-oeuvre\/\"> ma\u00eetres d\u2019oeuvre<\/a> et artisans s\u2019engagent \u00e0 <strong>respecter les r\u00e8gles et les normes en vigueur<\/strong> ainsi que les <strong>mesures n\u00e9cessaires \u00e0 l\u2019application des garanties l\u00e9gales.<\/strong><\/p>\t\t\t\t\t\t<\/div>\n\t\t\t\t<\/div>\n\t\t\t\t<\/div>\n\t\t<div class=\"elementor-element elementor-element-b31e482 e-con-full e-flex wpr-particle-no wpr-jarallax-no wpr-parallax-no wpr-sticky-section-no e-con e-child\" data-id=\"b31e482\" data-element_type=\"container\">\n\t\t\t\t<div class=\"elementor-element elementor-element-bb4c9a6 elementor-widget elementor-widget-image\" data-id=\"bb4c9a6\" data-element_type=\"widget\" data-widget_type=\"image.default\">\n\t\t\t\t<div class=\"elementor-widget-container\">\n\t\t\t\t\t\t\t\t\t\t\t\t\t<img decoding=\"async\" src=\"https:\/\/handibat.fr\/wp-content\/uploads\/elementor\/thumbs\/handibat_1-quvellr9kxebyxgmiwqd2og77akrulncc2e2bu3yru.jpg\" title=\"handibat_1\" alt=\"handibat_1\" loading=\"lazy\" \/>\t\t\t\t\t\t\t\t\t\t\t\t\t<\/div>\n\t\t\t\t<\/div>\n\t\t\t\t<\/div>\n\t\t\t\t<\/div>\n\t\t\t\t<div class=\"elementor-element elementor-element-8fb5fad elementor-widget elementor-widget-text-editor\" data-id=\"8fb5fad\" data-element_type=\"widget\" data-widget_type=\"text-editor.default\">\n\t\t\t\t<div class=\"elementor-widget-container\">\n\t\t\t\t\t\t\t<ul class=\"puce_couleur\"><li><strong>2003 \u2013<\/strong> Cr\u00e9ation de la soci\u00e9t\u00e9 \u00e0 Caen (devenue d\u00e9sormais <a href=\"https:\/\/handibat.fr\">Handibain.fr<\/a>\u00a0)<\/li><li><strong>2006 \u2013<\/strong>\u00a0D\u00e9veloppement de l\u2019activit\u00e9 \u00ab R\u00e9novation globale\u00bb par notre fondateur, cherchant \u00e0 servir les besoins de ses clients en mati\u00e8re de r\u00e9novation\u00a0 de logements<\/li><li><strong>2008 \u2013<\/strong>\u00a0FEN et RENOVE devient la <strong>premi\u00e8re marques de notre groupe<\/strong>, reconnue pour\u00a0<strong>sa qualit\u00e9 de prestations<\/strong><\/li><li>2013 \u2013 Handibain f\u00eate ses 10<strong>\u00a0ans d\u2019exp\u00e9rience<\/strong><\/li><li>2015 \u2013 Lancement officiel de la <b>Marques HANDIBAIN<\/b><span style=\"background-color: transparent; text-align: var(--text-align);\">\u00a0et de son r\u00e9seau de\u00a0<\/span><span style=\"background-color: transparent; text-align: var(--text-align);\">ma\u00eetre d\u2019oeuvre<\/span><\/li><li><strong>2023 \u2013 Handibain f\u00eate ses 30 ans !<\/strong><\/li><\/ul>\t\t\t\t\t\t<\/div>\n\t\t\t\t<\/div>\n\t\t\t\t<div class=\"elementor-element elementor-element-c92460c elementor-widget elementor-widget-heading\" data-id=\"c92460c\" data-element_type=\"widget\" data-widget_type=\"heading.default\">\n\t\t\t\t<div class=\"elementor-widget-container\">\n\t\t\t<h4 class=\"elementor-heading-title elementor-size-default\">Une r\u00e9elle expertise dans la conduite des projets<\/h4>\t\t<\/div>\n\t\t\t\t<\/div>\n\t\t\t\t<div class=\"elementor-element elementor-element-68f409d elementor-widget elementor-widget-text-editor\" data-id=\"68f409d\" data-element_type=\"widget\" data-widget_type=\"text-editor.default\">\n\t\t\t\t<div class=\"elementor-widget-container\">\n\t\t\t\t\t\t\t<p>Avec ses 20 ans d\u2019exp\u00e9rience et plus de 3.000 chantiers r\u00e9alis\u00e9s, Handibain peut affirmer \u00eatre une enseigne sp\u00e9cialis\u00e9e dans la conduite des projets. Et m\u00eame lorsqu\u2019une probl\u00e9matique survient lors du d\u00e9roulement d\u2019un chantier, Handibain met tout en \u0153uvre pour la r\u00e9soudre. Ainsi, elle est capable de garantir \u00e0 ses clients la conduite du projet jusqu\u2019\u00e0 son terme.<\/p>\t\t\t\t\t\t<\/div>\n\t\t\t\t<\/div>\n\t\t\t\t<div class=\"elementor-element elementor-element-579bf03 elementor-widget elementor-widget-heading\" data-id=\"579bf03\" data-element_type=\"widget\" data-widget_type=\"heading.default\">\n\t\t\t\t<div class=\"elementor-widget-container\">\n\t\t\t<h4 class=\"elementor-heading-title elementor-size-default\">Une qualit\u00e9 contr\u00f4l\u00e9e en permanence<\/h4>\t\t<\/div>\n\t\t\t\t<\/div>\n\t\t\t\t<div class=\"elementor-element elementor-element-ae26ecb elementor-widget elementor-widget-text-editor\" data-id=\"ae26ecb\" data-element_type=\"widget\" data-widget_type=\"text-editor.default\">\n\t\t\t\t<div class=\"elementor-widget-container\">\n\t\t\t\t\t\t\t<p>Du premier contact \u00e0 la r\u00e9ception des travaux, un\u00a0<strong>contr\u00f4le r\u00e9gulier et syst\u00e9matique du bon avancement du projet illustre le degr\u00e9 d\u2019implication de Handibain.<\/strong><br \/>Par ailleurs, apr\u00e8s les travaux, une enqu\u00eate de satisfaction est propos\u00e9e \u00e0 chaque client, sur la base de ses attentes et pour prendre en compte son degr\u00e9 de contentement global de la prestation r\u00e9alis\u00e9e.<\/p>\t\t\t\t\t\t<\/div>\n\t\t\t\t<\/div>\n\t\t<div class=\"elementor-element elementor-element-ad7691d e-con-full e-flex wpr-particle-no wpr-jarallax-no wpr-parallax-no wpr-sticky-section-no e-con e-child\" data-id=\"ad7691d\" data-element_type=\"container\">\n\t\t<div class=\"elementor-element elementor-element-757d1e7 e-con-full e-flex wpr-particle-no wpr-jarallax-no wpr-parallax-no wpr-sticky-section-no e-con e-child\" data-id=\"757d1e7\" data-element_type=\"container\">\n\t\t\t\t<div class=\"elementor-element elementor-element-6268f8d elementor-widget elementor-widget-heading\" data-id=\"6268f8d\" data-element_type=\"widget\" data-widget_type=\"heading.default\">\n\t\t\t\t<div class=\"elementor-widget-container\">\n\t\t\t<h4 class=\"elementor-heading-title elementor-size-default\">Un solide r\u00e9seau de professionnels<\/h4>\t\t<\/div>\n\t\t\t\t<\/div>\n\t\t\t\t<div class=\"elementor-element elementor-element-863297f elementor-widget-laptop__width-initial elementor-widget elementor-widget-text-editor\" data-id=\"863297f\" data-element_type=\"widget\" data-widget_type=\"text-editor.default\">\n\t\t\t\t<div class=\"elementor-widget-container\">\n\t\t\t\t\t\t\t<p>Pour assurer la pleine r\u00e9ussite des projets de r\u00e9novation, d\u2019extension ou d\u2019am\u00e9nagement, Handibain a mis en place une organisation reposant sur deux piliers compl\u00e9mentaires :<\/p><p>\u2022 une structure au si\u00e8ge qui centralise toutes les fonctions support permettant de g\u00e9rer les dossiers clients dans tous leurs aspects (service clients, service administratif, comptable, SAV\u2026)<br \/>\u2022 un r\u00e9seau de professionnels du b\u00e2timent, experts dans leur m\u00e9tier, s\u00e9lectionn\u00e9s sur la base de leur s\u00e9rieux et de leur professionnalisme.<\/p>\t\t\t\t\t\t<\/div>\n\t\t\t\t<\/div>\n\t\t\t\t<\/div>\n\t\t\t\t<div class=\"elementor-element elementor-element-ca7acda elementor-widget elementor-widget-image\" data-id=\"ca7acda\" data-element_type=\"widget\" data-widget_type=\"image.default\">\n\t\t\t\t<div class=\"elementor-widget-container\">\n\t\t\t\t\t\t\t\t\t\t\t\t\t<img decoding=\"async\" src=\"https:\/\/handibat.fr\/wp-content\/uploads\/elementor\/thumbs\/reseau-artisans-1536x1025-1-quvellr9kxem784roy2lc8d7e7svhjmxmt4zcbdgam.jpg\" title=\"reseau-artisans-1536&#215;1025-1\" alt=\"reseau-artisans-1536x1025-1\" loading=\"lazy\" \/>\t\t\t\t\t\t\t\t\t\t\t\t\t<\/div>\n\t\t\t\t<\/div>\n\t\t\t\t<\/div>\n\t\t\t\t<div class=\"elementor-element elementor-element-d80fceb elementor-widget elementor-widget-heading\" data-id=\"d80fceb\" data-element_type=\"widget\" data-widget_type=\"heading.default\">\n\t\t\t\t<div class=\"elementor-widget-container\">\n\t\t\t<h4 class=\"elementor-heading-title elementor-size-default\">Plus de 100 professionnels<\/h4>\t\t<\/div>\n\t\t\t\t<\/div>\n\t\t\t\t<div class=\"elementor-element elementor-element-baa71b1 elementor-widget elementor-widget-text-editor\" data-id=\"baa71b1\" data-element_type=\"widget\" data-widget_type=\"text-editor.default\">\n\t\t\t\t<div class=\"elementor-widget-container\">\n\t\t\t\t\t\t\t<p>Qu\u2019ils soient architectes ou ma\u00eetres d\u2019oeuvre du b\u00e2timent, leur mission est de concevoir le projet, conseiller le client sur les solutions techniques et architecturales, concilier ses attentes et son budget avec le programme des travaux, puis s\u00e9lectionner les artisans, et coordonner le chantier.<\/p><p>Les artisans quant \u00e0 eux, sont s\u00e9lectionn\u00e9s localement par le ma\u00eetre d\u2019oeuvre et agr\u00e9\u00e9s par Handibain, les artisans et entreprises du b\u00e2timent sont des sp\u00e9cialistes d\u2019un ou plusieurs corps d\u2019\u00e9tat, ma\u00eetrisant parfaitement les techniques locales de construction et reconnus pour leur savoir-faire. Pilot\u00e9s par le ma\u00eetre d\u2019oeuvre, ils r\u00e9alisent les travaux dans le cadre du projet d\u00e9fini.<\/p>\t\t\t\t\t\t<\/div>\n\t\t\t\t<\/div>\n\t\t\t\t\t<\/div>\n\t\t\t\t<\/div>\n\t\t\t\t<\/div>\n\t\t","protected":false},"excerpt":{"rendered":"<p>Qui sommes-nous ? L\u2019\u00e9volution de Handibain depuis sa cr\u00e9ation Des avantages concurrentiels Sa volont\u00e9 de satisfaire au mieux ses clients a fait na\u00eetre un certain nombre d\u2019atouts qui concourent \u00e0 identifier et positionner l\u2019entreprise dans l\u2019univers du b\u00e2timent de fa\u00e7on incontestable et p\u00e9renne. Une parfaite transparence sur les garanties En plus des garanties sur les prix et la livraison dans les d\u00e9lais impartis, Handibain a souscrit des contrats d\u2019assurance pour couvrir ses responsabilit\u00e9s. De m\u00eame, les ma\u00eetres d\u2019oeuvre et artisans s\u2019engagent \u00e0 respecter les r\u00e8gles et les normes en vigueur ainsi que les mesures n\u00e9cessaires \u00e0 l\u2019application des garanties l\u00e9gales. 2003 \u2013 Cr\u00e9ation de la soci\u00e9t\u00e9 \u00e0 Caen (devenue d\u00e9sormais Handibain.fr\u00a0) 2006 \u2013\u00a0D\u00e9veloppement de l\u2019activit\u00e9 \u00ab R\u00e9novation globale\u00bb par notre fondateur, cherchant \u00e0 servir les besoins de ses clients en mati\u00e8re de r\u00e9novation\u00a0 de logements 2008 \u2013\u00a0FEN et RENOVE devient la premi\u00e8re marques de notre groupe, reconnue pour\u00a0sa qualit\u00e9 de prestations 2013 \u2013 Handibain f\u00eate ses 10\u00a0ans d\u2019exp\u00e9rience 2015 \u2013 Lancement officiel de la Marques HANDIBAIN\u00a0et de son r\u00e9seau de\u00a0ma\u00eetre d\u2019oeuvre 2023 \u2013 Handibain f\u00eate ses 30 ans ! Une r\u00e9elle expertise dans la conduite des projets Avec ses 20 ans d\u2019exp\u00e9rience et plus de 3.000 chantiers r\u00e9alis\u00e9s, Handibain peut affirmer \u00eatre une enseigne sp\u00e9cialis\u00e9e dans la conduite des projets. Et m\u00eame lorsqu\u2019une probl\u00e9matique survient lors du d\u00e9roulement d\u2019un chantier, Handibain met tout en \u0153uvre pour la r\u00e9soudre. Ainsi, elle est capable de garantir \u00e0 ses clients la conduite du projet jusqu\u2019\u00e0 son terme. Une qualit\u00e9 contr\u00f4l\u00e9e en permanence Du premier contact \u00e0 la r\u00e9ception des travaux, un\u00a0contr\u00f4le r\u00e9gulier et syst\u00e9matique du bon avancement du projet illustre le degr\u00e9 d\u2019implication de Handibain.Par ailleurs, apr\u00e8s les travaux, une enqu\u00eate de satisfaction est propos\u00e9e \u00e0 chaque client, sur la base de ses attentes et pour prendre en compte son degr\u00e9 de contentement global de la prestation r\u00e9alis\u00e9e. Un solide r\u00e9seau de professionnels Pour assurer la pleine r\u00e9ussite des projets de r\u00e9novation, d\u2019extension ou d\u2019am\u00e9nagement, Handibain a mis en place une organisation reposant sur deux piliers compl\u00e9mentaires : \u2022 une structure au si\u00e8ge qui centralise toutes les fonctions support permettant de g\u00e9rer les dossiers clients dans tous leurs aspects (service clients, service administratif, comptable, SAV\u2026)\u2022 un r\u00e9seau de professionnels du b\u00e2timent, experts dans leur m\u00e9tier, s\u00e9lectionn\u00e9s sur la base de leur s\u00e9rieux et de leur professionnalisme. Plus de 100 professionnels Qu\u2019ils soient architectes ou ma\u00eetres d\u2019oeuvre du b\u00e2timent, leur mission est de concevoir le projet, conseiller le client sur les solutions techniques et architecturales, concilier ses attentes et son budget avec le programme des travaux, puis s\u00e9lectionner les artisans, et coordonner le chantier. Les artisans quant \u00e0 eux, sont s\u00e9lectionn\u00e9s localement par le ma\u00eetre d\u2019oeuvre et agr\u00e9\u00e9s par Handibain, les artisans et entreprises du b\u00e2timent sont des sp\u00e9cialistes d\u2019un ou plusieurs corps d\u2019\u00e9tat, ma\u00eetrisant parfaitement les techniques locales de construction et reconnus pour leur savoir-faire. Pilot\u00e9s par le ma\u00eetre d\u2019oeuvre, ils r\u00e9alisent les travaux dans le cadre du projet d\u00e9fini.<\/p>\n","protected":false},"author":1,"featured_media":0,"parent":0,"menu_order":0,"comment_status":"closed","ping_status":"closed","template":"elementor_header_footer","meta":{"_eb_attr":"","footnotes":""},"class_list":["post-8161","page","type-page","status-publish","hentry"],"_links":{"self":[{"href":"https:\/\/handibat.fr\/index.php\/wp-json\/wp\/v2\/pages\/8161","targetHints":{"allow":["GET"]}}],"collection":[{"href":"https:\/\/handibat.fr\/index.php\/wp-json\/wp\/v2\/pages"}],"about":[{"href":"https:\/\/handibat.fr\/index.php\/wp-json\/wp\/v2\/types\/page"}],"author":[{"embeddable":true,"href":"https:\/\/handibat.fr\/index.php\/wp-json\/wp\/v2\/users\/1"}],"replies":[{"embeddable":true,"href":"https:\/\/handibat.fr\/index.php\/wp-json\/wp\/v2\/comments?post=8161"}],"version-history":[{"count":184,"href":"https:\/\/handibat.fr\/index.php\/wp-json\/wp\/v2\/pages\/8161\/revisions"}],"predecessor-version":[{"id":23472,"href":"https:\/\/handibat.fr\/index.php\/wp-json\/wp\/v2\/pages\/8161\/revisions\/23472"}],"wp:attachment":[{"href":"https:\/\/handibat.fr\/index.php\/wp-json\/wp\/v2\/media?parent=8161"}],"curies":[{"name":"wp","href":"https:\/\/api.w.org\/{rel}","templated":true}]}}